{"id":627,"date":"2022-07-15T19:43:56","date_gmt":"2022-07-15T19:43:56","guid":{"rendered":"http:\/\/fap-ec.local\/?page_id=627"},"modified":"2022-07-22T14:16:05","modified_gmt":"2022-07-22T14:16:05","slug":"donaciones","status":"publish","type":"page","link":"https:\/\/fapecuador.org\/de\/donaciones\/","title":{"rendered":"SPENDEN"},"content":{"rendered":"<div data-elementor-type=\"wp-page\" data-elementor-id=\"627\" class=\"elementor elementor-627\" data-elementor-post-type=\"page\">\n\t\t\t\t\t\t<section class=\"elementor-section elementor-top-section elementor-element elementor-element-c3afb3f elementor-section-boxed elementor-section-height-default elementor-section-height-default\" data-id=\"c3afb3f\" data-element_type=\"section\" data-e-type=\"section\" data-settings=\"{&quot;background_background&quot;:&quot;classic&quot;}\">\n\t\t\t\t\t\t<div class=\"elementor-container elementor-column-gap-default\">\n\t\t\t\t\t<div class=\"elementor-column elementor-col-100 elementor-top-column elementor-element elementor-element-73756ab\" data-id=\"73756ab\" data-element_type=\"column\" data-e-type=\"column\">\n\t\t\t<div class=\"elementor-widget-wrap elementor-element-populated\">\n\t\t\t\t\t\t<div class=\"elementor-element elementor-element-5f2fd12 elementor-widget elementor-widget-heading\" data-id=\"5f2fd12\" data-element_type=\"widget\" data-e-type=\"widget\" data-widget_type=\"heading.default\">\n\t\t\t\t<div class=\"elementor-widget-container\">\n\t\t\t\t\t<h1 class=\"elementor-heading-title elementor-size-default\">SPENDEN<\/h1>\t\t\t\t<\/div>\n\t\t\t\t<\/div>\n\t\t\t\t\t<\/div>\n\t\t<\/div>\n\t\t\t\t\t<\/div>\n\t\t<\/section>\n\t\t\t\t<section class=\"elementor-section elementor-top-section elementor-element elementor-element-e752eca elementor-section-boxed elementor-section-height-default elementor-section-height-default\" data-id=\"e752eca\" data-element_type=\"section\" data-e-type=\"section\">\n\t\t\t\t\t\t<div class=\"elementor-container elementor-column-gap-default\">\n\t\t\t\t\t<div class=\"elementor-column elementor-col-100 elementor-top-column elementor-element elementor-element-2cc9e52\" data-id=\"2cc9e52\" data-element_type=\"column\" data-e-type=\"column\">\n\t\t\t<div class=\"elementor-widget-wrap elementor-element-populated\">\n\t\t\t\t\t\t<div class=\"elementor-element elementor-element-bde26af elementor-blockquote--skin-border elementor-widget elementor-widget-blockquote\" data-id=\"bde26af\" data-element_type=\"widget\" data-e-type=\"widget\" data-widget_type=\"blockquote.default\">\n\t\t\t\t<div class=\"elementor-widget-container\">\n\t\t\t\t\t\t\t<blockquote class=\"elementor-blockquote\">\r\n\t\t\t<p class=\"elementor-blockquote__content\">\r\n\t\t\t\t\"GL\u00dcCK IST NICHT DAS ERGEBNIS DESSEN, WAS WIR ERHALTEN, SONDERN DESSEN, WAS WIR GEBEN\"\t\t\t<\/p>\r\n\t\t\t\t\t\t\t<div class=\"e-q-footer\">\r\n\t\t\t\t\t\t\t\t\t\t\t<cite class=\"elementor-blockquote__author\">- Ben Carson<\/cite>\r\n\t\t\t\t\t\t\t\t\t\t\t\t\t\t<\/div>\r\n\t\t\t\t\t<\/blockquote>\r\n\t\t\t\t\t\t<\/div>\n\t\t\t\t<\/div>\n\t\t\t\t<section class=\"elementor-section elementor-inner-section elementor-element elementor-element-39a1eb1 elementor-section-boxed elementor-section-height-default elementor-section-height-default\" data-id=\"39a1eb1\" data-element_type=\"section\" data-e-type=\"section\">\n\t\t\t\t\t\t<div class=\"elementor-container elementor-column-gap-wider\">\n\t\t\t\t\t<div class=\"elementor-column elementor-col-50 elementor-inner-column elementor-element elementor-element-7fb89a0\" data-id=\"7fb89a0\" data-element_type=\"column\" data-e-type=\"column\">\n\t\t\t<div class=\"elementor-widget-wrap elementor-element-populated\">\n\t\t\t\t\t\t<div class=\"elementor-element elementor-element-9afc51f elementor-widget elementor-widget-text-editor\" data-id=\"9afc51f\" data-element_type=\"widget\" data-e-type=\"widget\" data-widget_type=\"text-editor.default\">\n\t\t\t\t<div class=\"elementor-widget-container\">\n\t\t\t\t\t\t\t\t\t<p>Die Amazonasgemeinden und die Umwelt sind Ihnen unendlich dankbar f\u00fcr Ihren Beitrag.<\/p><p>Wenn Sie wissen m\u00f6chten, wohin diese aufgebrachten Mittel gehen, klicken Sie <a href=\"\/de\/contacto\/\">HIER<\/a>.<\/p>\t\t\t\t\t\t\t\t<\/div>\n\t\t\t\t<\/div>\n\t\t\t\t<div class=\"elementor-element elementor-element-0d1350a elementor-widget elementor-widget-heading\" data-id=\"0d1350a\" data-element_type=\"widget\" data-e-type=\"widget\" data-widget_type=\"heading.default\">\n\t\t\t\t<div class=\"elementor-widget-container\">\n\t\t\t\t\t<h2 class=\"elementor-heading-title elementor-size-default\">SPENDEN SIE UNTER DEN FOLGENDEN LINK, DER SIE ZU UNSERER PAYPAL-SEITE F\u00dcHRT:<\/h2>\t\t\t\t<\/div>\n\t\t\t\t<\/div>\n\t\t\t\t<div class=\"elementor-element elementor-element-091974e elementor-align-left elementor-widget elementor-widget-paypal-button\" data-id=\"091974e\" data-element_type=\"widget\" data-e-type=\"widget\" data-settings=\"{&quot;merchant_account&quot;:&quot;simple&quot;}\" data-widget_type=\"paypal-button.default\">\n\t\t\t\t<div class=\"elementor-widget-container\">\n\t\t\t\t\t\t\t\t\t<div class=\"elementor-button-wrapper\">\r\n\t\t\t\t\t\t\t<form action=\"https:\/\/www.paypal.com\/cgi-bin\/webscr\" method=\"post\" target=\"_blank\">\r\n\t\t\t<input type=\"hidden\" name=\"cmd\" value=\"_donations\" \/>\r\n\t\t\t<input type=\"hidden\" name=\"business\" value=\"flormaria@fapecuador.com\" \/>\r\n\t\t\t<input type=\"hidden\" name=\"lc\" value=\"US\" \/>\r\n\t\t\t<input type=\"hidden\" name=\"item_name\" value=\"Donaci\u00f3n Fundaci\u00f3n Amazon\u00eda Productiva\" \/>\r\n\t\t\t<input type=\"hidden\" name=\"item_number\" value=\"\" \/>\r\n\t\t\t<input type=\"hidden\" name=\"currency_code\" value=\"USD\" \/>\r\n\t\t\t<input type=\"hidden\" name=\"amount\" value=\"\" \/>\r\n\t\t\t<input type=\"hidden\" name=\"no_note\" value=\"1\">\r\n\r\n\t\t\t\t\t<button class=\"elementor-button elementor-size-sm elementor-paypal-legacy elementor-payment-button\" role=\"button\" type=\"submit\">\r\n\t\t\t\t\t<span class=\"elementor-button-content-wrapper\">\n\t\t\t\t\t\t<span class=\"elementor-button-icon\">\n\t\t\t\t<i aria-hidden=\"true\" class=\"fab fa-paypal\"><\/i>\t\t\t<\/span>\n\t\t\t\t\t\t\t\t\t<span class=\"elementor-button-text\">Spenden<\/span>\n\t\t\t\t\t<\/span>\n\t\t\t\t<\/button>\r\n\t\t\t\t<\/form>\r\n\t\t\t\t\t\t<\/div>\r\n\t\t\t\t\t\t\t\t<\/div>\n\t\t\t\t<\/div>\n\t\t\t\t\t<\/div>\n\t\t<\/div>\n\t\t\t\t<div class=\"elementor-column elementor-col-50 elementor-inner-column elementor-element elementor-element-b6d71be\" data-id=\"b6d71be\" data-element_type=\"column\" data-e-type=\"column\">\n\t\t\t<div class=\"elementor-widget-wrap elementor-element-populated\">\n\t\t\t\t\t\t<div class=\"elementor-element elementor-element-69c3ce0 elementor-widget elementor-widget-image\" data-id=\"69c3ce0\" data-element_type=\"widget\" data-e-type=\"widget\" data-widget_type=\"image.default\">\n\t\t\t\t<div class=\"elementor-widget-container\">\n\t\t\t\t\t\t\t\t\t\t\t\t\t\t\t<img fetchpriority=\"high\" decoding=\"async\" width=\"800\" height=\"600\" src=\"https:\/\/fapecuador.org\/wp-content\/uploads\/2022\/07\/Donar2.jpg\" class=\"attachment-large size-large wp-image-634\" alt=\"\" srcset=\"https:\/\/fapecuador.org\/wp-content\/uploads\/2022\/07\/Donar2.jpg 800w, https:\/\/fapecuador.org\/wp-content\/uploads\/2022\/07\/Donar2-600x450.jpg 600w, https:\/\/fapecuador.org\/wp-content\/uploads\/2022\/07\/Donar2-300x225.jpg 300w, https:\/\/fapecuador.org\/wp-content\/uploads\/2022\/07\/Donar2-768x576.jpg 768w\" sizes=\"(max-width: 800px) 100vw, 800px\" \/>\t\t\t\t\t\t\t\t\t\t\t\t\t\t\t<\/div>\n\t\t\t\t<\/div>\n\t\t\t\t\t<\/div>\n\t\t<\/div>\n\t\t\t\t\t<\/div>\n\t\t<\/section>\n\t\t\t\t<section class=\"elementor-section elementor-inner-section elementor-element elementor-element-614e26f elementor-section-content-middle elementor-section-boxed elementor-section-height-default elementor-section-height-default\" data-id=\"614e26f\" data-element_type=\"section\" data-e-type=\"section\">\n\t\t\t\t\t\t<div class=\"elementor-container elementor-column-gap-wider\">\n\t\t\t\t\t<div class=\"elementor-column elementor-col-50 elementor-inner-column elementor-element elementor-element-21f1268\" data-id=\"21f1268\" data-element_type=\"column\" data-e-type=\"column\">\n\t\t\t<div class=\"elementor-widget-wrap elementor-element-populated\">\n\t\t\t\t\t\t<div class=\"elementor-element elementor-element-f8b6a1a elementor-widget elementor-widget-image\" data-id=\"f8b6a1a\" data-element_type=\"widget\" data-e-type=\"widget\" data-widget_type=\"image.default\">\n\t\t\t\t<div class=\"elementor-widget-container\">\n\t\t\t\t\t\t\t\t\t\t\t\t\t\t\t<img decoding=\"async\" width=\"768\" height=\"576\" src=\"https:\/\/fapecuador.org\/wp-content\/uploads\/2022\/07\/Donar1-768x576.jpg\" class=\"attachment-medium_large size-medium_large wp-image-635\" alt=\"\" srcset=\"https:\/\/fapecuador.org\/wp-content\/uploads\/2022\/07\/Donar1-768x576.jpg 768w, https:\/\/fapecuador.org\/wp-content\/uploads\/2022\/07\/Donar1-600x450.jpg 600w, https:\/\/fapecuador.org\/wp-content\/uploads\/2022\/07\/Donar1-300x225.jpg 300w, https:\/\/fapecuador.org\/wp-content\/uploads\/2022\/07\/Donar1.jpg 800w\" sizes=\"(max-width: 768px) 100vw, 768px\" \/>\t\t\t\t\t\t\t\t\t\t\t\t\t\t\t<\/div>\n\t\t\t\t<\/div>\n\t\t\t\t\t<\/div>\n\t\t<\/div>\n\t\t\t\t<div class=\"elementor-column elementor-col-50 elementor-inner-column elementor-element elementor-element-91e1c1a\" data-id=\"91e1c1a\" data-element_type=\"column\" data-e-type=\"column\">\n\t\t\t<div class=\"elementor-widget-wrap elementor-element-populated\">\n\t\t\t\t\t\t<div class=\"elementor-element elementor-element-a73eed0 elementor-widget elementor-widget-text-editor\" data-id=\"a73eed0\" data-element_type=\"widget\" data-e-type=\"widget\" data-widget_type=\"text-editor.default\">\n\t\t\t\t<div class=\"elementor-widget-container\">\n\t\t\t\t\t\t\t\t\t<p>Alle von den Spendern zur Verf\u00fcgung gestellten Bank- und Personendaten werden absolut vertraulich und sicher behandelt und ausschlie\u00dflich f\u00fcr die Verwaltung der gespendeten Betr\u00e4ge sowie f\u00fcr den Versand von Mitteilungen \u00fcber die Aktivit\u00e4ten der Fundaci\u00f3n Amazon\u00eda Productiva per E-Mail verwendet.<\/p><p>Weitere Informationen finden Sie in unserer <a href=\"https:\/\/fapecuador.org\/de\/datenschutzpolitik\/?preview_id=599&amp;preview_nonce=89f94417c6&amp;preview=true\" target=\"_blank\" rel=\"noopener\"><span style=\"color: #9ac481;\">Datenschutzrichtlinie.<\/span><\/a><\/p>\t\t\t\t\t\t\t\t<\/div>\n\t\t\t\t<\/div>\n\t\t\t\t\t<\/div>\n\t\t<\/div>\n\t\t\t\t\t<\/div>\n\t\t<\/section>\n\t\t\t\t<div class=\"elementor-element elementor-element-b73bbcf elementor-widget elementor-widget-heading\" data-id=\"b73bbcf\" data-element_type=\"widget\" data-e-type=\"widget\" data-widget_type=\"heading.default\">\n\t\t\t\t<div class=\"elementor-widget-container\">\n\t\t\t\t\t<h2 class=\"elementor-heading-title elementor-size-default\">Wenn Sie einen gr\u00f6\u00dferen Betrag oder im Namen eines Unternehmens spenden m\u00f6chten, k\u00f6nnen wir Ihnen auf elektronischem Wege eine Unterst\u00fctzungsbescheinigung f\u00fcr genau das Projekt zusenden, zu dem Sie beitragen m\u00f6chten.<\/h2>\t\t\t\t<\/div>\n\t\t\t\t<\/div>\n\t\t\t\t<div class=\"elementor-element elementor-element-c34eaac elementor-widget elementor-widget-heading\" data-id=\"c34eaac\" data-element_type=\"widget\" data-e-type=\"widget\" data-widget_type=\"heading.default\">\n\t\t\t\t<div class=\"elementor-widget-container\">\n\t\t\t\t\t<h2 class=\"elementor-heading-title elementor-size-default\">\u00a1WIR DANKEN IHNEN SEHR!<\/h2>\t\t\t\t<\/div>\n\t\t\t\t<\/div>\n\t\t\t\t<div class=\"elementor-element elementor-element-be87d6d elementor-widget elementor-widget-heading\" data-id=\"be87d6d\" data-element_type=\"widget\" data-e-type=\"widget\" data-widget_type=\"heading.default\">\n\t\t\t\t<div class=\"elementor-widget-container\">\n\t\t\t\t\t<h2 class=\"elementor-heading-title elementor-size-default\">FUNDACI\u00d3N AMAZON\u00cdA PRODUCTIVA<\/h2>\t\t\t\t<\/div>\n\t\t\t\t<\/div>\n\t\t\t\t<div class=\"elementor-element elementor-element-76f07ad elementor-widget elementor-widget-heading\" data-id=\"76f07ad\" data-element_type=\"widget\" data-e-type=\"widget\" data-widget_type=\"heading.default\">\n\t\t\t\t<div class=\"elementor-widget-container\">\n\t\t\t\t\t<h2 class=\"elementor-heading-title elementor-size-default\">UNSERE STORNIERUNGSBEDINGUNGEN<\/h2>\t\t\t\t<\/div>\n\t\t\t\t<\/div>\n\t\t\t\t<div class=\"elementor-element elementor-element-6e64203 elementor-widget elementor-widget-text-editor\" data-id=\"6e64203\" data-element_type=\"widget\" data-e-type=\"widget\" data-widget_type=\"text-editor.default\">\n\t\t\t\t<div class=\"elementor-widget-container\">\n\t\t\t\t\t\t\t\t\t<p>Der Spender kann die Fundaci\u00f3n Amazon\u00eda Productiva oder seine Bank aus folgenden Gr\u00fcnden auffordern, das gespendete Geld zur\u00fcckzugeben:<\/p><p><strong>1. Vers\u00e4umnis, die Spende zu genehmigen.<\/strong><\/p><p><strong>2. Sie haben Ihre Spende storniert und nach diesem Datum wurde eine neue Abbuchung vorgenommen.<\/strong><\/p><p><strong>3. Der Beitrag wurde im selben Monat zweimal abgebucht oder belastet.<\/strong><\/p>\t\t\t\t\t\t\t\t<\/div>\n\t\t\t\t<\/div>\n\t\t\t\t<div class=\"elementor-element elementor-element-f3d454f elementor-widget elementor-widget-heading\" data-id=\"f3d454f\" data-element_type=\"widget\" data-e-type=\"widget\" data-widget_type=\"heading.default\">\n\t\t\t\t<div class=\"elementor-widget-container\">\n\t\t\t\t\t<h2 class=\"elementor-heading-title elementor-size-default\">Das Verfahren f\u00fcr eine wirksame Erstattung wird im Folgenden beschrieben:<\/h2>\t\t\t\t<\/div>\n\t\t\t\t<\/div>\n\t\t\t\t<div class=\"elementor-element elementor-element-290beee elementor-widget elementor-widget-text-editor\" data-id=\"290beee\" data-element_type=\"widget\" data-e-type=\"widget\" data-widget_type=\"text-editor.default\">\n\t\t\t\t<div class=\"elementor-widget-container\">\n\t\t\t\t\t\t\t\t\t<ul><li>Eine R\u00fcckerstattung muss telefonisch unter (+593) 99 134 5174 oder direkt in unserem B\u00fcro in der Calle Wilson OE 7-56 y Av. Diego de Almagro - La Mariscal, Quito beantragt werden.<\/li><li>Wenn die Fundaci\u00f3n Amazon\u00eda Productiva eine R\u00fcckerstattung beantragt, wird sie die in den Akten befindlichen Belege \u00fcberpr\u00fcfen und dem Spender eine Kopie des unterzeichneten Formulars oder der Aufzeichnung des Anrufs, in dem die Spende genehmigt wurde, zukommen lassen, um festzustellen, ob es sich um eine F\u00e4lschung handelt.<\/li><li>Das angeforderte Geld wird nur auf das Konto oder die Kreditkarte \u00fcberwiesen, von dem\/der es abgebucht wurde. Die Finanzinstitute ben\u00f6tigen f\u00fcr die Erstattung mindestens 2 Tage und h\u00f6chstens 4 Wochen.<\/li><li>Spenden, die \u00fcber unsere PayPal-Schaltfl\u00e4che oben auf unserer Seite get\u00e4tigt werden, sind einmalige Spenden, d. h. es wird weder ein monatlicher Betrag abgebucht, noch verpflichtet sich der Spender, auf unbestimmte Zeit zu spenden.<\/li><li>Wenn Sie eine regelm\u00e4\u00dfige (monatliche) Spende leisten m\u00f6chten, wenden Sie sich bitte direkt an uns.<\/li><\/ul>\t\t\t\t\t\t\t\t<\/div>\n\t\t\t\t<\/div>\n\t\t\t\t\t<\/div>\n\t\t<\/div>\n\t\t\t\t\t<\/div>\n\t\t<\/section>\n\t\t\t\t<section class=\"elementor-section elementor-top-section elementor-element elementor-element-755b7c0 elementor-section-boxed elementor-section-height-default elementor-section-height-default\" data-id=\"755b7c0\" data-element_type=\"section\" data-e-type=\"section\">\n\t\t\t\t\t\t<div class=\"elementor-container elementor-column-gap-default\">\n\t\t\t\t\t<div class=\"elementor-column elementor-col-100 elementor-top-column elementor-element elementor-element-4612fb8\" data-id=\"4612fb8\" data-element_type=\"column\" data-e-type=\"column\">\n\t\t\t<div class=\"elementor-widget-wrap elementor-element-populated\">\n\t\t\t\t\t\t<div class=\"elementor-element elementor-element-21de7e0 elementor-widget elementor-widget-spacer\" data-id=\"21de7e0\" data-element_type=\"widget\" data-e-type=\"widget\" data-widget_type=\"spacer.default\">\n\t\t\t\t<div class=\"elementor-widget-container\">\n\t\t\t\t\t\t\t<div class=\"elementor-spacer\">\n\t\t\t<div class=\"elementor-spacer-inner\"><\/div>\n\t\t<\/div>\n\t\t\t\t\t\t<\/div>\n\t\t\t\t<\/div>\n\t\t\t\t\t<\/div>\n\t\t<\/div>\n\t\t\t\t\t<\/div>\n\t\t<\/section>\n\t\t\t\t<\/div>","protected":false},"excerpt":{"rendered":"<p>DONACIONES \u00abLA FELICIDAD NO ES EL RESULTADO DE LO QUE RECIBIMOS, SINO M\u00c1S BIEN DE LO QUE DAMOS\u00bb &#8211; Ben Carson Las comunidades amaz\u00f3nicas y el medio ambiente le agradecen infinitamente su contribuci\u00f3n. Para dar seguimiento a donde van estos fondos recaudados, dar clic AQU\u00cd. PARA REALIZAR UNA DONACI\u00d3N, DA CLIC EN EL SIGUIENTE ENLACE [&hellip;]<\/p>\n","protected":false},"author":4,"featured_media":0,"parent":0,"menu_order":0,"comment_status":"closed","ping_status":"closed","template":"","meta":{"footnotes":""},"class_list":["post-627","page","type-page","status-publish","hentry"],"yoast_head":"<!-- This site is optimized with the Yoast SEO plugin v27.5 - https:\/\/yoast.com\/product\/yoast-seo-wordpress\/ -->\n<title>DONACIONES - Fundaci\u00f3n Amazon\u00eda Productiva<\/title>\n<meta name=\"robots\" content=\"index, follow, max-snippet:-1, max-image-preview:large, max-video-preview:-1\" \/>\n<link rel=\"canonical\" href=\"https:\/\/fapecuador.org\/de\/spenden\/\" \/>\n<meta property=\"og:locale\" content=\"de_DE\" \/>\n<meta property=\"og:type\" content=\"article\" \/>\n<meta property=\"og:title\" content=\"DONACIONES - Fundaci\u00f3n Amazon\u00eda Productiva\" \/>\n<meta property=\"og:description\" content=\"DONACIONES \u00abLA FELICIDAD NO ES EL RESULTADO DE LO QUE RECIBIMOS, SINO M\u00c1S BIEN DE LO QUE DAMOS\u00bb &#8211; Ben Carson Las comunidades amaz\u00f3nicas y el medio ambiente le agradecen infinitamente su contribuci\u00f3n. Para dar seguimiento a donde van estos fondos recaudados, dar clic AQU\u00cd. PARA REALIZAR UNA DONACI\u00d3N, DA CLIC EN EL SIGUIENTE ENLACE [&hellip;]\" \/>\n<meta property=\"og:url\" content=\"https:\/\/fapecuador.org\/de\/spenden\/\" \/>\n<meta property=\"og:site_name\" content=\"Fundaci\u00f3n Amazon\u00eda Productiva\" \/>\n<meta property=\"article:modified_time\" content=\"2022-07-22T14:16:05+00:00\" \/>\n<meta property=\"og:image\" content=\"https:\/\/fapecuador.org\/wp-content\/uploads\/2022\/07\/Donar2.jpg\" \/>\n<meta name=\"twitter:card\" content=\"summary_large_image\" \/>\n<meta name=\"twitter:label1\" content=\"Gesch\u00e4tzte Lesezeit\" \/>\n\t<meta name=\"twitter:data1\" content=\"2\u00a0Minuten\" \/>\n<script type=\"application\/ld+json\" class=\"yoast-schema-graph\">{\"@context\":\"https:\\\/\\\/schema.org\",\"@graph\":[{\"@type\":\"WebPage\",\"@id\":\"https:\\\/\\\/fapecuador.org\\\/donaciones\\\/\",\"url\":\"https:\\\/\\\/fapecuador.org\\\/donaciones\\\/\",\"name\":\"DONACIONES - Fundaci\u00f3n Amazon\u00eda Productiva\",\"isPartOf\":{\"@id\":\"http:\\\/\\\/fapecuador.org\\\/es_ec\\\/#website\"},\"primaryImageOfPage\":{\"@id\":\"https:\\\/\\\/fapecuador.org\\\/donaciones\\\/#primaryimage\"},\"image\":{\"@id\":\"https:\\\/\\\/fapecuador.org\\\/donaciones\\\/#primaryimage\"},\"thumbnailUrl\":\"https:\\\/\\\/fapecuador.org\\\/wp-content\\\/uploads\\\/2022\\\/07\\\/Donar2.jpg\",\"datePublished\":\"2022-07-15T19:43:56+00:00\",\"dateModified\":\"2022-07-22T14:16:05+00:00\",\"breadcrumb\":{\"@id\":\"https:\\\/\\\/fapecuador.org\\\/donaciones\\\/#breadcrumb\"},\"inLanguage\":\"de\",\"potentialAction\":[{\"@type\":\"ReadAction\",\"target\":[\"https:\\\/\\\/fapecuador.org\\\/donaciones\\\/\"]}]},{\"@type\":\"ImageObject\",\"inLanguage\":\"de\",\"@id\":\"https:\\\/\\\/fapecuador.org\\\/donaciones\\\/#primaryimage\",\"url\":\"https:\\\/\\\/fapecuador.org\\\/wp-content\\\/uploads\\\/2022\\\/07\\\/Donar2.jpg\",\"contentUrl\":\"https:\\\/\\\/fapecuador.org\\\/wp-content\\\/uploads\\\/2022\\\/07\\\/Donar2.jpg\"},{\"@type\":\"BreadcrumbList\",\"@id\":\"https:\\\/\\\/fapecuador.org\\\/donaciones\\\/#breadcrumb\",\"itemListElement\":[{\"@type\":\"ListItem\",\"position\":1,\"name\":\"Portada\",\"item\":\"https:\\\/\\\/fapecuador.org\\\/\"},{\"@type\":\"ListItem\",\"position\":2,\"name\":\"DONACIONES\"}]},{\"@type\":\"WebSite\",\"@id\":\"http:\\\/\\\/fapecuador.org\\\/es_ec\\\/#website\",\"url\":\"http:\\\/\\\/fapecuador.org\\\/es_ec\\\/\",\"name\":\"Fundaci\u00f3n Amazon\u00eda Productiva\",\"description\":\"\",\"publisher\":{\"@id\":\"http:\\\/\\\/fapecuador.org\\\/es_ec\\\/#organization\"},\"potentialAction\":[{\"@type\":\"SearchAction\",\"target\":{\"@type\":\"EntryPoint\",\"urlTemplate\":\"http:\\\/\\\/fapecuador.org\\\/es_ec\\\/?s={search_term_string}\"},\"query-input\":{\"@type\":\"PropertyValueSpecification\",\"valueRequired\":true,\"valueName\":\"search_term_string\"}}],\"inLanguage\":\"de\"},{\"@type\":\"Organization\",\"@id\":\"http:\\\/\\\/fapecuador.org\\\/es_ec\\\/#organization\",\"name\":\"Fundaci\u00f3n Amazon\u00eda Productiva\",\"url\":\"http:\\\/\\\/fapecuador.org\\\/es_ec\\\/\",\"logo\":{\"@type\":\"ImageObject\",\"inLanguage\":\"de\",\"@id\":\"http:\\\/\\\/fapecuador.org\\\/es_ec\\\/#\\\/schema\\\/logo\\\/image\\\/\",\"url\":\"https:\\\/\\\/fapecuador.org\\\/wp-content\\\/uploads\\\/2022\\\/07\\\/cropped-logo-fap-2020-cop.png\",\"contentUrl\":\"https:\\\/\\\/fapecuador.org\\\/wp-content\\\/uploads\\\/2022\\\/07\\\/cropped-logo-fap-2020-cop.png\",\"width\":592,\"height\":297,\"caption\":\"Fundaci\u00f3n Amazon\u00eda Productiva\"},\"image\":{\"@id\":\"http:\\\/\\\/fapecuador.org\\\/es_ec\\\/#\\\/schema\\\/logo\\\/image\\\/\"}}]}<\/script>\n<!-- \/ Yoast SEO plugin. -->","yoast_head_json":{"title":"DONACIONES - Fundaci\u00f3n Amazon\u00eda Productiva","robots":{"index":"index","follow":"follow","max-snippet":"max-snippet:-1","max-image-preview":"max-image-preview:large","max-video-preview":"max-video-preview:-1"},"canonical":"https:\/\/fapecuador.org\/de\/spenden\/","og_locale":"de_DE","og_type":"article","og_title":"DONACIONES - Fundaci\u00f3n Amazon\u00eda Productiva","og_description":"DONACIONES \u00abLA FELICIDAD NO ES EL RESULTADO DE LO QUE RECIBIMOS, SINO M\u00c1S BIEN DE LO QUE DAMOS\u00bb &#8211; Ben Carson Las comunidades amaz\u00f3nicas y el medio ambiente le agradecen infinitamente su contribuci\u00f3n. Para dar seguimiento a donde van estos fondos recaudados, dar clic AQU\u00cd. PARA REALIZAR UNA DONACI\u00d3N, DA CLIC EN EL SIGUIENTE ENLACE [&hellip;]","og_url":"https:\/\/fapecuador.org\/de\/spenden\/","og_site_name":"Fundaci\u00f3n Amazon\u00eda Productiva","article_modified_time":"2022-07-22T14:16:05+00:00","og_image":[{"url":"https:\/\/fapecuador.org\/wp-content\/uploads\/2022\/07\/Donar2.jpg","type":"","width":"","height":""}],"twitter_card":"summary_large_image","twitter_misc":{"Gesch\u00e4tzte Lesezeit":"2\u00a0Minuten"},"schema":{"@context":"https:\/\/schema.org","@graph":[{"@type":"WebPage","@id":"https:\/\/fapecuador.org\/donaciones\/","url":"https:\/\/fapecuador.org\/donaciones\/","name":"DONACIONES - Fundaci\u00f3n Amazon\u00eda Productiva","isPartOf":{"@id":"http:\/\/fapecuador.org\/es_ec\/#website"},"primaryImageOfPage":{"@id":"https:\/\/fapecuador.org\/donaciones\/#primaryimage"},"image":{"@id":"https:\/\/fapecuador.org\/donaciones\/#primaryimage"},"thumbnailUrl":"https:\/\/fapecuador.org\/wp-content\/uploads\/2022\/07\/Donar2.jpg","datePublished":"2022-07-15T19:43:56+00:00","dateModified":"2022-07-22T14:16:05+00:00","breadcrumb":{"@id":"https:\/\/fapecuador.org\/donaciones\/#breadcrumb"},"inLanguage":"de","potentialAction":[{"@type":"ReadAction","target":["https:\/\/fapecuador.org\/donaciones\/"]}]},{"@type":"ImageObject","inLanguage":"de","@id":"https:\/\/fapecuador.org\/donaciones\/#primaryimage","url":"https:\/\/fapecuador.org\/wp-content\/uploads\/2022\/07\/Donar2.jpg","contentUrl":"https:\/\/fapecuador.org\/wp-content\/uploads\/2022\/07\/Donar2.jpg"},{"@type":"BreadcrumbList","@id":"https:\/\/fapecuador.org\/donaciones\/#breadcrumb","itemListElement":[{"@type":"ListItem","position":1,"name":"Portada","item":"https:\/\/fapecuador.org\/"},{"@type":"ListItem","position":2,"name":"DONACIONES"}]},{"@type":"WebSite","@id":"http:\/\/fapecuador.org\/es_ec\/#website","url":"http:\/\/fapecuador.org\/es_ec\/","name":"Fundaci\u00f3n Amazon\u00eda Productiva","description":"","publisher":{"@id":"http:\/\/fapecuador.org\/es_ec\/#organization"},"potentialAction":[{"@type":"SearchAction","target":{"@type":"EntryPoint","urlTemplate":"http:\/\/fapecuador.org\/es_ec\/?s={search_term_string}"},"query-input":{"@type":"PropertyValueSpecification","valueRequired":true,"valueName":"search_term_string"}}],"inLanguage":"de"},{"@type":"Organization","@id":"http:\/\/fapecuador.org\/es_ec\/#organization","name":"Fundaci\u00f3n Amazon\u00eda Productiva","url":"http:\/\/fapecuador.org\/es_ec\/","logo":{"@type":"ImageObject","inLanguage":"de","@id":"http:\/\/fapecuador.org\/es_ec\/#\/schema\/logo\/image\/","url":"https:\/\/fapecuador.org\/wp-content\/uploads\/2022\/07\/cropped-logo-fap-2020-cop.png","contentUrl":"https:\/\/fapecuador.org\/wp-content\/uploads\/2022\/07\/cropped-logo-fap-2020-cop.png","width":592,"height":297,"caption":"Fundaci\u00f3n Amazon\u00eda Productiva"},"image":{"@id":"http:\/\/fapecuador.org\/es_ec\/#\/schema\/logo\/image\/"}}]}},"_links":{"self":[{"href":"https:\/\/fapecuador.org\/de\/wp-json\/wp\/v2\/pages\/627","targetHints":{"allow":["GET"]}}],"collection":[{"href":"https:\/\/fapecuador.org\/de\/wp-json\/wp\/v2\/pages"}],"about":[{"href":"https:\/\/fapecuador.org\/de\/wp-json\/wp\/v2\/types\/page"}],"author":[{"embeddable":true,"href":"https:\/\/fapecuador.org\/de\/wp-json\/wp\/v2\/users\/4"}],"replies":[{"embeddable":true,"href":"https:\/\/fapecuador.org\/de\/wp-json\/wp\/v2\/comments?post=627"}],"version-history":[{"count":43,"href":"https:\/\/fapecuador.org\/de\/wp-json\/wp\/v2\/pages\/627\/revisions"}],"predecessor-version":[{"id":1252,"href":"https:\/\/fapecuador.org\/de\/wp-json\/wp\/v2\/pages\/627\/revisions\/1252"}],"wp:attachment":[{"href":"https:\/\/fapecuador.org\/de\/wp-json\/wp\/v2\/media?parent=627"}],"curies":[{"name":"wp","href":"https:\/\/api.w.org\/{rel}","templated":true}]}}