{"id":396,"date":"2022-07-13T19:52:50","date_gmt":"2022-07-13T19:52:50","guid":{"rendered":"http:\/\/fap-ec.local\/?post_type=product&#038;p=396"},"modified":"2022-07-27T17:21:20","modified_gmt":"2022-07-27T17:21:20","slug":"cafe-kawsana-italiano","status":"publish","type":"product","link":"https:\/\/fapecuador.org\/de\/product\/cafe-kawsana-italiano\/","title":{"rendered":"Kawsana Kaffee \u201cItaliano\u201d"},"content":{"rendered":"","protected":false},"excerpt":{"rendered":"<p>Ein vollmundiger Kaffee mit Noten von dunkler Schokolade und leichter S\u00e4ure. Unser italienischer Kaffee ist dunkel ger\u00f6stet, um den Appetit der anspruchsvollsten Gaumen zu stillen, mit einem st\u00e4rkeren, konzentrierteren Geschmack.<\/p>","protected":false},"featured_media":397,"comment_status":"open","ping_status":"closed","template":"","meta":[],"product_brand":[],"product_cat":[22,43],"product_tag":[],"class_list":{"0":"post-396","1":"product","2":"type-product","3":"status-publish","4":"has-post-thumbnail","6":"product_cat-kawsana-cafe","7":"product_cat-tienda","9":"first","10":"onbackorder","11":"taxable","12":"shipping-taxable","13":"purchasable","14":"product-type-simple"},"yoast_head":"<!-- This site is optimized with the Yoast SEO plugin v27.4 - https:\/\/yoast.com\/product\/yoast-seo-wordpress\/ -->\n<title>Caf\u00e9 Kawsana &quot;Italiano&quot; - Fundaci\u00f3n Amazon\u00eda Productiva<\/title>\n<meta name=\"robots\" content=\"index, follow, max-snippet:-1, max-image-preview:large, max-video-preview:-1\" \/>\n<link rel=\"canonical\" href=\"http:\/\/fapecuador.org\/de\/product\/cafe-kawsana-italiano\/\" \/>\n<meta property=\"og:locale\" content=\"de_DE\" \/>\n<meta property=\"og:type\" content=\"article\" \/>\n<meta property=\"og:title\" content=\"Caf\u00e9 Kawsana &quot;Italiano&quot; - Fundaci\u00f3n Amazon\u00eda Productiva\" \/>\n<meta property=\"og:description\" content=\"En Kawsana Coffee, hemos escogido a mano los mejores granos de caf\u00e9 Ar\u00e1bica y hemos elegido un tostado medio para elaborar un caf\u00e9 dulce, pero sutil, con un cuerpo medio que tenga un equilibrio de aroma, acidez y complejidad.\" \/>\n<meta property=\"og:url\" content=\"http:\/\/fapecuador.org\/de\/product\/cafe-kawsana-italiano\/\" \/>\n<meta property=\"og:site_name\" content=\"Fundaci\u00f3n Amazon\u00eda Productiva\" \/>\n<meta property=\"article:modified_time\" content=\"2022-07-27T17:21:20+00:00\" \/>\n<meta property=\"og:image\" content=\"https:\/\/fapecuador.org\/wp-content\/uploads\/2022\/07\/cafe-dark.jpeg\" \/>\n\t<meta property=\"og:image:width\" content=\"834\" \/>\n\t<meta property=\"og:image:height\" content=\"834\" \/>\n\t<meta property=\"og:image:type\" content=\"image\/jpeg\" \/>\n<meta name=\"twitter:card\" content=\"summary_large_image\" \/>\n<script type=\"application\/ld+json\" class=\"yoast-schema-graph\">{\"@context\":\"https:\\\/\\\/schema.org\",\"@graph\":[{\"@type\":\"WebPage\",\"@id\":\"http:\\\/\\\/fapecuador.org\\\/de\\\/product\\\/cafe-kawsana-italiano\\\/\",\"url\":\"http:\\\/\\\/fapecuador.org\\\/de\\\/product\\\/cafe-kawsana-italiano\\\/\",\"name\":\"Caf\u00e9 Kawsana \\\"Italiano\\\" - Fundaci\u00f3n Amazon\u00eda Productiva\",\"isPartOf\":{\"@id\":\"http:\\\/\\\/fapecuador.org\\\/es_ec\\\/#website\"},\"primaryImageOfPage\":{\"@id\":\"http:\\\/\\\/fapecuador.org\\\/de\\\/product\\\/cafe-kawsana-italiano\\\/#primaryimage\"},\"image\":{\"@id\":\"http:\\\/\\\/fapecuador.org\\\/de\\\/product\\\/cafe-kawsana-italiano\\\/#primaryimage\"},\"thumbnailUrl\":\"https:\\\/\\\/fapecuador.org\\\/wp-content\\\/uploads\\\/2022\\\/07\\\/cafe-dark.jpeg\",\"datePublished\":\"2022-07-13T19:52:50+00:00\",\"dateModified\":\"2022-07-27T17:21:20+00:00\",\"breadcrumb\":{\"@id\":\"http:\\\/\\\/fapecuador.org\\\/de\\\/product\\\/cafe-kawsana-italiano\\\/#breadcrumb\"},\"inLanguage\":\"de\",\"potentialAction\":[{\"@type\":\"ReadAction\",\"target\":[\"http:\\\/\\\/fapecuador.org\\\/de\\\/product\\\/cafe-kawsana-italiano\\\/\"]}]},{\"@type\":\"ImageObject\",\"inLanguage\":\"de\",\"@id\":\"http:\\\/\\\/fapecuador.org\\\/de\\\/product\\\/cafe-kawsana-italiano\\\/#primaryimage\",\"url\":\"https:\\\/\\\/fapecuador.org\\\/wp-content\\\/uploads\\\/2022\\\/07\\\/cafe-dark.jpeg\",\"contentUrl\":\"https:\\\/\\\/fapecuador.org\\\/wp-content\\\/uploads\\\/2022\\\/07\\\/cafe-dark.jpeg\",\"width\":834,\"height\":834},{\"@type\":\"BreadcrumbList\",\"@id\":\"http:\\\/\\\/fapecuador.org\\\/de\\\/product\\\/cafe-kawsana-italiano\\\/#breadcrumb\",\"itemListElement\":[{\"@type\":\"ListItem\",\"position\":1,\"name\":\"Portada\",\"item\":\"https:\\\/\\\/fapecuador.org\\\/\"},{\"@type\":\"ListItem\",\"position\":2,\"name\":\"Productos\",\"item\":\"https:\\\/\\\/fapecuador.org\\\/es_ec\\\/shop\\\/\"},{\"@type\":\"ListItem\",\"position\":3,\"name\":\"Caf\u00e9 Kawsana \u00abItaliano\u00bb\"}]},{\"@type\":\"WebSite\",\"@id\":\"http:\\\/\\\/fapecuador.org\\\/es_ec\\\/#website\",\"url\":\"http:\\\/\\\/fapecuador.org\\\/es_ec\\\/\",\"name\":\"Fundaci\u00f3n Amazon\u00eda Productiva\",\"description\":\"\",\"publisher\":{\"@id\":\"http:\\\/\\\/fapecuador.org\\\/es_ec\\\/#organization\"},\"potentialAction\":[{\"@type\":\"SearchAction\",\"target\":{\"@type\":\"EntryPoint\",\"urlTemplate\":\"http:\\\/\\\/fapecuador.org\\\/es_ec\\\/?s={search_term_string}\"},\"query-input\":{\"@type\":\"PropertyValueSpecification\",\"valueRequired\":true,\"valueName\":\"search_term_string\"}}],\"inLanguage\":\"de\"},{\"@type\":\"Organization\",\"@id\":\"http:\\\/\\\/fapecuador.org\\\/es_ec\\\/#organization\",\"name\":\"Fundaci\u00f3n Amazon\u00eda Productiva\",\"url\":\"http:\\\/\\\/fapecuador.org\\\/es_ec\\\/\",\"logo\":{\"@type\":\"ImageObject\",\"inLanguage\":\"de\",\"@id\":\"http:\\\/\\\/fapecuador.org\\\/es_ec\\\/#\\\/schema\\\/logo\\\/image\\\/\",\"url\":\"https:\\\/\\\/fapecuador.org\\\/wp-content\\\/uploads\\\/2022\\\/07\\\/cropped-logo-fap-2020-cop.png\",\"contentUrl\":\"https:\\\/\\\/fapecuador.org\\\/wp-content\\\/uploads\\\/2022\\\/07\\\/cropped-logo-fap-2020-cop.png\",\"width\":592,\"height\":297,\"caption\":\"Fundaci\u00f3n Amazon\u00eda Productiva\"},\"image\":{\"@id\":\"http:\\\/\\\/fapecuador.org\\\/es_ec\\\/#\\\/schema\\\/logo\\\/image\\\/\"}}]}<\/script>\n<!-- \/ Yoast SEO plugin. -->","yoast_head_json":{"title":"Caf\u00e9 Kawsana \"Italiano\" - Fundaci\u00f3n Amazon\u00eda Productiva","robots":{"index":"index","follow":"follow","max-snippet":"max-snippet:-1","max-image-preview":"max-image-preview:large","max-video-preview":"max-video-preview:-1"},"canonical":"http:\/\/fapecuador.org\/de\/product\/cafe-kawsana-italiano\/","og_locale":"de_DE","og_type":"article","og_title":"Caf\u00e9 Kawsana \"Italiano\" - Fundaci\u00f3n Amazon\u00eda Productiva","og_description":"En Kawsana Coffee, hemos escogido a mano los mejores granos de caf\u00e9 Ar\u00e1bica y hemos elegido un tostado medio para elaborar un caf\u00e9 dulce, pero sutil, con un cuerpo medio que tenga un equilibrio de aroma, acidez y complejidad.","og_url":"http:\/\/fapecuador.org\/de\/product\/cafe-kawsana-italiano\/","og_site_name":"Fundaci\u00f3n Amazon\u00eda Productiva","article_modified_time":"2022-07-27T17:21:20+00:00","og_image":[{"width":834,"height":834,"url":"https:\/\/fapecuador.org\/wp-content\/uploads\/2022\/07\/cafe-dark.jpeg","type":"image\/jpeg"}],"twitter_card":"summary_large_image","schema":{"@context":"https:\/\/schema.org","@graph":[{"@type":"WebPage","@id":"http:\/\/fapecuador.org\/de\/product\/cafe-kawsana-italiano\/","url":"http:\/\/fapecuador.org\/de\/product\/cafe-kawsana-italiano\/","name":"Caf\u00e9 Kawsana \"Italiano\" - Fundaci\u00f3n Amazon\u00eda Productiva","isPartOf":{"@id":"http:\/\/fapecuador.org\/es_ec\/#website"},"primaryImageOfPage":{"@id":"http:\/\/fapecuador.org\/de\/product\/cafe-kawsana-italiano\/#primaryimage"},"image":{"@id":"http:\/\/fapecuador.org\/de\/product\/cafe-kawsana-italiano\/#primaryimage"},"thumbnailUrl":"https:\/\/fapecuador.org\/wp-content\/uploads\/2022\/07\/cafe-dark.jpeg","datePublished":"2022-07-13T19:52:50+00:00","dateModified":"2022-07-27T17:21:20+00:00","breadcrumb":{"@id":"http:\/\/fapecuador.org\/de\/product\/cafe-kawsana-italiano\/#breadcrumb"},"inLanguage":"de","potentialAction":[{"@type":"ReadAction","target":["http:\/\/fapecuador.org\/de\/product\/cafe-kawsana-italiano\/"]}]},{"@type":"ImageObject","inLanguage":"de","@id":"http:\/\/fapecuador.org\/de\/product\/cafe-kawsana-italiano\/#primaryimage","url":"https:\/\/fapecuador.org\/wp-content\/uploads\/2022\/07\/cafe-dark.jpeg","contentUrl":"https:\/\/fapecuador.org\/wp-content\/uploads\/2022\/07\/cafe-dark.jpeg","width":834,"height":834},{"@type":"BreadcrumbList","@id":"http:\/\/fapecuador.org\/de\/product\/cafe-kawsana-italiano\/#breadcrumb","itemListElement":[{"@type":"ListItem","position":1,"name":"Portada","item":"https:\/\/fapecuador.org\/"},{"@type":"ListItem","position":2,"name":"Productos","item":"https:\/\/fapecuador.org\/es_ec\/shop\/"},{"@type":"ListItem","position":3,"name":"Caf\u00e9 Kawsana \u00abItaliano\u00bb"}]},{"@type":"WebSite","@id":"http:\/\/fapecuador.org\/es_ec\/#website","url":"http:\/\/fapecuador.org\/es_ec\/","name":"Fundaci\u00f3n Amazon\u00eda Productiva","description":"","publisher":{"@id":"http:\/\/fapecuador.org\/es_ec\/#organization"},"potentialAction":[{"@type":"SearchAction","target":{"@type":"EntryPoint","urlTemplate":"http:\/\/fapecuador.org\/es_ec\/?s={search_term_string}"},"query-input":{"@type":"PropertyValueSpecification","valueRequired":true,"valueName":"search_term_string"}}],"inLanguage":"de"},{"@type":"Organization","@id":"http:\/\/fapecuador.org\/es_ec\/#organization","name":"Fundaci\u00f3n Amazon\u00eda Productiva","url":"http:\/\/fapecuador.org\/es_ec\/","logo":{"@type":"ImageObject","inLanguage":"de","@id":"http:\/\/fapecuador.org\/es_ec\/#\/schema\/logo\/image\/","url":"https:\/\/fapecuador.org\/wp-content\/uploads\/2022\/07\/cropped-logo-fap-2020-cop.png","contentUrl":"https:\/\/fapecuador.org\/wp-content\/uploads\/2022\/07\/cropped-logo-fap-2020-cop.png","width":592,"height":297,"caption":"Fundaci\u00f3n Amazon\u00eda Productiva"},"image":{"@id":"http:\/\/fapecuador.org\/es_ec\/#\/schema\/logo\/image\/"}}]}},"_links":{"self":[{"href":"https:\/\/fapecuador.org\/de\/wp-json\/wp\/v2\/product\/396","targetHints":{"allow":["GET"]}}],"collection":[{"href":"https:\/\/fapecuador.org\/de\/wp-json\/wp\/v2\/product"}],"about":[{"href":"https:\/\/fapecuador.org\/de\/wp-json\/wp\/v2\/types\/product"}],"replies":[{"embeddable":true,"href":"https:\/\/fapecuador.org\/de\/wp-json\/wp\/v2\/comments?post=396"}],"wp:featuredmedia":[{"embeddable":true,"href":"https:\/\/fapecuador.org\/de\/wp-json\/wp\/v2\/media\/397"}],"wp:attachment":[{"href":"https:\/\/fapecuador.org\/de\/wp-json\/wp\/v2\/media?parent=396"}],"wp:term":[{"taxonomy":"product_brand","embeddable":true,"href":"https:\/\/fapecuador.org\/de\/wp-json\/wp\/v2\/product_brand?post=396"},{"taxonomy":"product_cat","embeddable":true,"href":"https:\/\/fapecuador.org\/de\/wp-json\/wp\/v2\/product_cat?post=396"},{"taxonomy":"product_tag","embeddable":true,"href":"https:\/\/fapecuador.org\/de\/wp-json\/wp\/v2\/product_tag?post=396"}],"curies":[{"name":"wp","href":"https:\/\/api.w.org\/{rel}","templated":true}]}}