{"id":383,"date":"2022-07-13T18:18:02","date_gmt":"2022-07-13T18:18:02","guid":{"rendered":"http:\/\/fap-ec.local\/?post_type=product&#038;p=383"},"modified":"2022-08-11T21:27:18","modified_gmt":"2022-08-11T21:27:18","slug":"adopta-un-arbol","status":"publish","type":"product","link":"https:\/\/fapecuador.org\/en\/product\/adopta-un-arbol\/","title":{"rendered":"Adopt a tree"},"content":{"rendered":"<p>El \u00e1rbol que sembraremos a tu nombre es un \u00e1rbol nativo de la Zona de Loja y lo cuidaremos por ti para que cuando tu desees puedas visitarlo tambi\u00e9n.<\/p>\n<p>Recibir\u00e1 una foto del \u00e1rbol plantado con su nombre y las coordenadas de la ubicaci\u00f3n (Google Earth) y un certificado digital por haber contribuido en este Proyecto.<\/p>","protected":false},"excerpt":{"rendered":"<p>Be part of the change!<\/p>\n<p>Adopt an endemic tree of the area, planted and cared for the people from the local community. Find out more about it in our Projects!<\/p>","protected":false},"featured_media":386,"comment_status":"open","ping_status":"closed","template":"","meta":[],"product_brand":[],"product_cat":[43,20],"product_tag":[],"class_list":{"0":"post-383","1":"product","2":"type-product","3":"status-publish","4":"has-post-thumbnail","6":"product_cat-tienda","7":"product_cat-uncategorized","9":"first","10":"instock","11":"purchasable","12":"product-type-simple"},"yoast_head":"<!-- This site is optimized with the Yoast SEO plugin v27.4 - https:\/\/yoast.com\/product\/yoast-seo-wordpress\/ -->\n<title>Adopta un \u00e1rbol - Fundaci\u00f3n Amazon\u00eda Productiva<\/title>\n<meta name=\"robots\" content=\"index, follow, max-snippet:-1, max-image-preview:large, max-video-preview:-1\" \/>\n<link rel=\"canonical\" href=\"http:\/\/fapecuador.org\/en\/product\/adopt-a-tree\/\" \/>\n<meta property=\"og:locale\" content=\"en_US\" \/>\n<meta property=\"og:type\" content=\"article\" \/>\n<meta property=\"og:title\" content=\"Adopta un \u00e1rbol - Fundaci\u00f3n Amazon\u00eda Productiva\" \/>\n<meta property=\"og:description\" content=\"\u00a1Se parte del cambio!  Adopta un \u00e1rbol end\u00e9mico de la zona, sembrado y cuidado con la ayuda de las personas de la comunidad local. \u00a1Ent\u00e9rate m\u00e1s al respecto en nuestros Proyectos!\" \/>\n<meta property=\"og:url\" content=\"http:\/\/fapecuador.org\/en\/product\/adopt-a-tree\/\" \/>\n<meta property=\"og:site_name\" content=\"Fundaci\u00f3n Amazon\u00eda Productiva\" \/>\n<meta property=\"article:modified_time\" content=\"2022-08-11T21:27:18+00:00\" \/>\n<meta property=\"og:image\" content=\"https:\/\/fapecuador.org\/wp-content\/uploads\/2022\/07\/tree-planting-3.jpg\" \/>\n\t<meta property=\"og:image:width\" content=\"1200\" \/>\n\t<meta property=\"og:image:height\" content=\"675\" \/>\n\t<meta property=\"og:image:type\" content=\"image\/jpeg\" \/>\n<meta name=\"twitter:card\" content=\"summary_large_image\" \/>\n<script type=\"application\/ld+json\" class=\"yoast-schema-graph\">{\"@context\":\"https:\\\/\\\/schema.org\",\"@graph\":[{\"@type\":\"WebPage\",\"@id\":\"http:\\\/\\\/fapecuador.org\\\/en\\\/product\\\/adopta-un-arbol\\\/\",\"url\":\"http:\\\/\\\/fapecuador.org\\\/en\\\/product\\\/adopta-un-arbol\\\/\",\"name\":\"Adopta un \u00e1rbol - Fundaci\u00f3n Amazon\u00eda Productiva\",\"isPartOf\":{\"@id\":\"http:\\\/\\\/fapecuador.org\\\/es_ec\\\/#website\"},\"primaryImageOfPage\":{\"@id\":\"http:\\\/\\\/fapecuador.org\\\/en\\\/product\\\/adopta-un-arbol\\\/#primaryimage\"},\"image\":{\"@id\":\"http:\\\/\\\/fapecuador.org\\\/en\\\/product\\\/adopta-un-arbol\\\/#primaryimage\"},\"thumbnailUrl\":\"https:\\\/\\\/fapecuador.org\\\/wp-content\\\/uploads\\\/2022\\\/07\\\/tree-planting-3.jpg\",\"datePublished\":\"2022-07-13T18:18:02+00:00\",\"dateModified\":\"2022-08-11T21:27:18+00:00\",\"breadcrumb\":{\"@id\":\"http:\\\/\\\/fapecuador.org\\\/en\\\/product\\\/adopta-un-arbol\\\/#breadcrumb\"},\"inLanguage\":\"en-US\",\"potentialAction\":[{\"@type\":\"ReadAction\",\"target\":[\"http:\\\/\\\/fapecuador.org\\\/en\\\/product\\\/adopta-un-arbol\\\/\"]}]},{\"@type\":\"ImageObject\",\"inLanguage\":\"en-US\",\"@id\":\"http:\\\/\\\/fapecuador.org\\\/en\\\/product\\\/adopta-un-arbol\\\/#primaryimage\",\"url\":\"https:\\\/\\\/fapecuador.org\\\/wp-content\\\/uploads\\\/2022\\\/07\\\/tree-planting-3.jpg\",\"contentUrl\":\"https:\\\/\\\/fapecuador.org\\\/wp-content\\\/uploads\\\/2022\\\/07\\\/tree-planting-3.jpg\",\"width\":1200,\"height\":675,\"caption\":\"Green tour de 2 d\u00edas -aventura\"},{\"@type\":\"BreadcrumbList\",\"@id\":\"http:\\\/\\\/fapecuador.org\\\/en\\\/product\\\/adopta-un-arbol\\\/#breadcrumb\",\"itemListElement\":[{\"@type\":\"ListItem\",\"position\":1,\"name\":\"Portada\",\"item\":\"https:\\\/\\\/fapecuador.org\\\/\"},{\"@type\":\"ListItem\",\"position\":2,\"name\":\"Productos\",\"item\":\"https:\\\/\\\/fapecuador.org\\\/es_ec\\\/shop\\\/\"},{\"@type\":\"ListItem\",\"position\":3,\"name\":\"Adopta un \u00e1rbol\"}]},{\"@type\":\"WebSite\",\"@id\":\"http:\\\/\\\/fapecuador.org\\\/es_ec\\\/#website\",\"url\":\"http:\\\/\\\/fapecuador.org\\\/es_ec\\\/\",\"name\":\"Fundaci\u00f3n Amazon\u00eda Productiva\",\"description\":\"\",\"publisher\":{\"@id\":\"http:\\\/\\\/fapecuador.org\\\/es_ec\\\/#organization\"},\"potentialAction\":[{\"@type\":\"SearchAction\",\"target\":{\"@type\":\"EntryPoint\",\"urlTemplate\":\"http:\\\/\\\/fapecuador.org\\\/es_ec\\\/?s={search_term_string}\"},\"query-input\":{\"@type\":\"PropertyValueSpecification\",\"valueRequired\":true,\"valueName\":\"search_term_string\"}}],\"inLanguage\":\"en-US\"},{\"@type\":\"Organization\",\"@id\":\"http:\\\/\\\/fapecuador.org\\\/es_ec\\\/#organization\",\"name\":\"Fundaci\u00f3n Amazon\u00eda Productiva\",\"url\":\"http:\\\/\\\/fapecuador.org\\\/es_ec\\\/\",\"logo\":{\"@type\":\"ImageObject\",\"inLanguage\":\"en-US\",\"@id\":\"http:\\\/\\\/fapecuador.org\\\/es_ec\\\/#\\\/schema\\\/logo\\\/image\\\/\",\"url\":\"https:\\\/\\\/fapecuador.org\\\/wp-content\\\/uploads\\\/2022\\\/07\\\/cropped-logo-fap-2020-cop.png\",\"contentUrl\":\"https:\\\/\\\/fapecuador.org\\\/wp-content\\\/uploads\\\/2022\\\/07\\\/cropped-logo-fap-2020-cop.png\",\"width\":592,\"height\":297,\"caption\":\"Fundaci\u00f3n Amazon\u00eda Productiva\"},\"image\":{\"@id\":\"http:\\\/\\\/fapecuador.org\\\/es_ec\\\/#\\\/schema\\\/logo\\\/image\\\/\"}}]}<\/script>\n<!-- \/ Yoast SEO plugin. -->","yoast_head_json":{"title":"Adopta un \u00e1rbol - Fundaci\u00f3n Amazon\u00eda Productiva","robots":{"index":"index","follow":"follow","max-snippet":"max-snippet:-1","max-image-preview":"max-image-preview:large","max-video-preview":"max-video-preview:-1"},"canonical":"http:\/\/fapecuador.org\/en\/product\/adopt-a-tree\/","og_locale":"en_US","og_type":"article","og_title":"Adopta un \u00e1rbol - Fundaci\u00f3n Amazon\u00eda Productiva","og_description":"\u00a1Se parte del cambio!  Adopta un \u00e1rbol end\u00e9mico de la zona, sembrado y cuidado con la ayuda de las personas de la comunidad local. \u00a1Ent\u00e9rate m\u00e1s al respecto en nuestros Proyectos!","og_url":"http:\/\/fapecuador.org\/en\/product\/adopt-a-tree\/","og_site_name":"Fundaci\u00f3n Amazon\u00eda Productiva","article_modified_time":"2022-08-11T21:27:18+00:00","og_image":[{"width":1200,"height":675,"url":"https:\/\/fapecuador.org\/wp-content\/uploads\/2022\/07\/tree-planting-3.jpg","type":"image\/jpeg"}],"twitter_card":"summary_large_image","schema":{"@context":"https:\/\/schema.org","@graph":[{"@type":"WebPage","@id":"http:\/\/fapecuador.org\/en\/product\/adopta-un-arbol\/","url":"http:\/\/fapecuador.org\/en\/product\/adopta-un-arbol\/","name":"Adopta un \u00e1rbol - Fundaci\u00f3n Amazon\u00eda Productiva","isPartOf":{"@id":"http:\/\/fapecuador.org\/es_ec\/#website"},"primaryImageOfPage":{"@id":"http:\/\/fapecuador.org\/en\/product\/adopta-un-arbol\/#primaryimage"},"image":{"@id":"http:\/\/fapecuador.org\/en\/product\/adopta-un-arbol\/#primaryimage"},"thumbnailUrl":"https:\/\/fapecuador.org\/wp-content\/uploads\/2022\/07\/tree-planting-3.jpg","datePublished":"2022-07-13T18:18:02+00:00","dateModified":"2022-08-11T21:27:18+00:00","breadcrumb":{"@id":"http:\/\/fapecuador.org\/en\/product\/adopta-un-arbol\/#breadcrumb"},"inLanguage":"en-US","potentialAction":[{"@type":"ReadAction","target":["http:\/\/fapecuador.org\/en\/product\/adopta-un-arbol\/"]}]},{"@type":"ImageObject","inLanguage":"en-US","@id":"http:\/\/fapecuador.org\/en\/product\/adopta-un-arbol\/#primaryimage","url":"https:\/\/fapecuador.org\/wp-content\/uploads\/2022\/07\/tree-planting-3.jpg","contentUrl":"https:\/\/fapecuador.org\/wp-content\/uploads\/2022\/07\/tree-planting-3.jpg","width":1200,"height":675,"caption":"Green tour de 2 d\u00edas -aventura"},{"@type":"BreadcrumbList","@id":"http:\/\/fapecuador.org\/en\/product\/adopta-un-arbol\/#breadcrumb","itemListElement":[{"@type":"ListItem","position":1,"name":"Portada","item":"https:\/\/fapecuador.org\/"},{"@type":"ListItem","position":2,"name":"Productos","item":"https:\/\/fapecuador.org\/es_ec\/shop\/"},{"@type":"ListItem","position":3,"name":"Adopta un \u00e1rbol"}]},{"@type":"WebSite","@id":"http:\/\/fapecuador.org\/es_ec\/#website","url":"http:\/\/fapecuador.org\/es_ec\/","name":"Fundaci\u00f3n Amazon\u00eda Productiva","description":"","publisher":{"@id":"http:\/\/fapecuador.org\/es_ec\/#organization"},"potentialAction":[{"@type":"SearchAction","target":{"@type":"EntryPoint","urlTemplate":"http:\/\/fapecuador.org\/es_ec\/?s={search_term_string}"},"query-input":{"@type":"PropertyValueSpecification","valueRequired":true,"valueName":"search_term_string"}}],"inLanguage":"en-US"},{"@type":"Organization","@id":"http:\/\/fapecuador.org\/es_ec\/#organization","name":"Fundaci\u00f3n Amazon\u00eda Productiva","url":"http:\/\/fapecuador.org\/es_ec\/","logo":{"@type":"ImageObject","inLanguage":"en-US","@id":"http:\/\/fapecuador.org\/es_ec\/#\/schema\/logo\/image\/","url":"https:\/\/fapecuador.org\/wp-content\/uploads\/2022\/07\/cropped-logo-fap-2020-cop.png","contentUrl":"https:\/\/fapecuador.org\/wp-content\/uploads\/2022\/07\/cropped-logo-fap-2020-cop.png","width":592,"height":297,"caption":"Fundaci\u00f3n Amazon\u00eda Productiva"},"image":{"@id":"http:\/\/fapecuador.org\/es_ec\/#\/schema\/logo\/image\/"}}]}},"_links":{"self":[{"href":"https:\/\/fapecuador.org\/en\/wp-json\/wp\/v2\/product\/383","targetHints":{"allow":["GET"]}}],"collection":[{"href":"https:\/\/fapecuador.org\/en\/wp-json\/wp\/v2\/product"}],"about":[{"href":"https:\/\/fapecuador.org\/en\/wp-json\/wp\/v2\/types\/product"}],"replies":[{"embeddable":true,"href":"https:\/\/fapecuador.org\/en\/wp-json\/wp\/v2\/comments?post=383"}],"wp:featuredmedia":[{"embeddable":true,"href":"https:\/\/fapecuador.org\/en\/wp-json\/wp\/v2\/media\/386"}],"wp:attachment":[{"href":"https:\/\/fapecuador.org\/en\/wp-json\/wp\/v2\/media?parent=383"}],"wp:term":[{"taxonomy":"product_brand","embeddable":true,"href":"https:\/\/fapecuador.org\/en\/wp-json\/wp\/v2\/product_brand?post=383"},{"taxonomy":"product_cat","embeddable":true,"href":"https:\/\/fapecuador.org\/en\/wp-json\/wp\/v2\/product_cat?post=383"},{"taxonomy":"product_tag","embeddable":true,"href":"https:\/\/fapecuador.org\/en\/wp-json\/wp\/v2\/product_tag?post=383"}],"curies":[{"name":"wp","href":"https:\/\/api.w.org\/{rel}","templated":true}]}}