{"id":615,"date":"2022-07-15T17:26:42","date_gmt":"2022-07-15T17:26:42","guid":{"rendered":"http:\/\/fap-ec.local\/?post_type=product&#038;p=615"},"modified":"2024-04-24T15:35:15","modified_gmt":"2024-04-24T15:35:15","slug":"jabon-moona-carbob-activado","status":"publish","type":"product","link":"https:\/\/fapecuador.org\/en\/product\/jabon-moona-carbob-activado\/","title":{"rendered":"\u201cActive Carbon\u201d Moona Soap"},"content":{"rendered":"","protected":false},"excerpt":{"rendered":"<p>Moona\u00b4s active carbon is made from vegetal glycerin. The glycerin has a lot of health properties for skin: it\u00b4s moisturizing, pH similar to skin, suitable for every kind of skin, also it\u00b4s hygroscopic, that is, It can attract moisture from the environment and retain it in the skin, hydrating it.<\/p>","protected":false},"featured_media":616,"comment_status":"open","ping_status":"closed","template":"","meta":[],"product_brand":[],"product_cat":[24,43],"product_tag":[],"class_list":{"0":"post-615","1":"product","2":"type-product","3":"status-publish","4":"has-post-thumbnail","6":"product_cat-moona-jabones","7":"product_cat-tienda","9":"first","10":"instock","11":"taxable","12":"shipping-taxable","13":"purchasable","14":"product-type-simple"},"yoast_head":"<!-- This site is optimized with the Yoast SEO plugin v27.4 - https:\/\/yoast.com\/product\/yoast-seo-wordpress\/ -->\n<title>Jab\u00f3n Moona Carb\u00f3n Activado - Fundaci\u00f3n Amazon\u00eda Productiva<\/title>\n<meta name=\"robots\" content=\"index, follow, max-snippet:-1, max-image-preview:large, max-video-preview:-1\" \/>\n<link rel=\"canonical\" href=\"https:\/\/fapecuador.org\/en\/product\/jabon-moona-carbob-activado\/\" \/>\n<meta property=\"og:locale\" content=\"en_US\" \/>\n<meta property=\"og:type\" content=\"article\" \/>\n<meta property=\"og:title\" content=\"Jab\u00f3n Moona Carb\u00f3n Activado - Fundaci\u00f3n Amazon\u00eda Productiva\" \/>\n<meta property=\"og:description\" content=\"El jab\u00f3n de Carb\u00f3n Activado de Moona, es un jab\u00f3n hecho a base de glicerina vegetal. La glicerina posee m\u00faltiples propiedades que ayudan a la salud de la piel: es humectante, tiene pH neutro similar al de la piel, es apta para todo tipo de pieles, y adem\u00e1s es higrosc\u00f3pica, es decir, posee la capacidad de atraer la humedad del ambiente y retenerla en la piel, hidrat\u00e1ndola.\" \/>\n<meta property=\"og:url\" content=\"https:\/\/fapecuador.org\/en\/product\/jabon-moona-carbob-activado\/\" \/>\n<meta property=\"og:site_name\" content=\"Fundaci\u00f3n Amazon\u00eda Productiva\" \/>\n<meta property=\"article:modified_time\" content=\"2024-04-24T15:35:15+00:00\" \/>\n<meta property=\"og:image\" content=\"https:\/\/fapecuador.org\/wp-content\/uploads\/2022\/07\/moon2.jpeg\" \/>\n\t<meta property=\"og:image:width\" content=\"600\" \/>\n\t<meta property=\"og:image:height\" content=\"600\" \/>\n\t<meta property=\"og:image:type\" content=\"image\/jpeg\" \/>\n<meta name=\"twitter:card\" content=\"summary_large_image\" \/>\n<script type=\"application\/ld+json\" class=\"yoast-schema-graph\">{\"@context\":\"https:\\\/\\\/schema.org\",\"@graph\":[{\"@type\":\"WebPage\",\"@id\":\"https:\\\/\\\/fapecuador.org\\\/product\\\/jabon-moona-carbob-activado\\\/\",\"url\":\"https:\\\/\\\/fapecuador.org\\\/product\\\/jabon-moona-carbob-activado\\\/\",\"name\":\"Jab\u00f3n Moona Carb\u00f3n Activado - Fundaci\u00f3n Amazon\u00eda Productiva\",\"isPartOf\":{\"@id\":\"http:\\\/\\\/fapecuador.org\\\/es_ec\\\/#website\"},\"primaryImageOfPage\":{\"@id\":\"https:\\\/\\\/fapecuador.org\\\/product\\\/jabon-moona-carbob-activado\\\/#primaryimage\"},\"image\":{\"@id\":\"https:\\\/\\\/fapecuador.org\\\/product\\\/jabon-moona-carbob-activado\\\/#primaryimage\"},\"thumbnailUrl\":\"https:\\\/\\\/fapecuador.org\\\/wp-content\\\/uploads\\\/2022\\\/07\\\/moon2.jpeg\",\"datePublished\":\"2022-07-15T17:26:42+00:00\",\"dateModified\":\"2024-04-24T15:35:15+00:00\",\"breadcrumb\":{\"@id\":\"https:\\\/\\\/fapecuador.org\\\/product\\\/jabon-moona-carbob-activado\\\/#breadcrumb\"},\"inLanguage\":\"en-US\",\"potentialAction\":[{\"@type\":\"ReadAction\",\"target\":[\"https:\\\/\\\/fapecuador.org\\\/product\\\/jabon-moona-carbob-activado\\\/\"]}]},{\"@type\":\"ImageObject\",\"inLanguage\":\"en-US\",\"@id\":\"https:\\\/\\\/fapecuador.org\\\/product\\\/jabon-moona-carbob-activado\\\/#primaryimage\",\"url\":\"https:\\\/\\\/fapecuador.org\\\/wp-content\\\/uploads\\\/2022\\\/07\\\/moon2.jpeg\",\"contentUrl\":\"https:\\\/\\\/fapecuador.org\\\/wp-content\\\/uploads\\\/2022\\\/07\\\/moon2.jpeg\",\"width\":600,\"height\":600},{\"@type\":\"BreadcrumbList\",\"@id\":\"https:\\\/\\\/fapecuador.org\\\/product\\\/jabon-moona-carbob-activado\\\/#breadcrumb\",\"itemListElement\":[{\"@type\":\"ListItem\",\"position\":1,\"name\":\"Portada\",\"item\":\"https:\\\/\\\/fapecuador.org\\\/\"},{\"@type\":\"ListItem\",\"position\":2,\"name\":\"Productos\",\"item\":\"https:\\\/\\\/fapecuador.org\\\/es_ec\\\/shop\\\/\"},{\"@type\":\"ListItem\",\"position\":3,\"name\":\"Jab\u00f3n Moona Carb\u00f3n Activado\"}]},{\"@type\":\"WebSite\",\"@id\":\"http:\\\/\\\/fapecuador.org\\\/es_ec\\\/#website\",\"url\":\"http:\\\/\\\/fapecuador.org\\\/es_ec\\\/\",\"name\":\"Fundaci\u00f3n Amazon\u00eda Productiva\",\"description\":\"\",\"publisher\":{\"@id\":\"http:\\\/\\\/fapecuador.org\\\/es_ec\\\/#organization\"},\"potentialAction\":[{\"@type\":\"SearchAction\",\"target\":{\"@type\":\"EntryPoint\",\"urlTemplate\":\"http:\\\/\\\/fapecuador.org\\\/es_ec\\\/?s={search_term_string}\"},\"query-input\":{\"@type\":\"PropertyValueSpecification\",\"valueRequired\":true,\"valueName\":\"search_term_string\"}}],\"inLanguage\":\"en-US\"},{\"@type\":\"Organization\",\"@id\":\"http:\\\/\\\/fapecuador.org\\\/es_ec\\\/#organization\",\"name\":\"Fundaci\u00f3n Amazon\u00eda Productiva\",\"url\":\"http:\\\/\\\/fapecuador.org\\\/es_ec\\\/\",\"logo\":{\"@type\":\"ImageObject\",\"inLanguage\":\"en-US\",\"@id\":\"http:\\\/\\\/fapecuador.org\\\/es_ec\\\/#\\\/schema\\\/logo\\\/image\\\/\",\"url\":\"https:\\\/\\\/fapecuador.org\\\/wp-content\\\/uploads\\\/2022\\\/07\\\/cropped-logo-fap-2020-cop.png\",\"contentUrl\":\"https:\\\/\\\/fapecuador.org\\\/wp-content\\\/uploads\\\/2022\\\/07\\\/cropped-logo-fap-2020-cop.png\",\"width\":592,\"height\":297,\"caption\":\"Fundaci\u00f3n Amazon\u00eda Productiva\"},\"image\":{\"@id\":\"http:\\\/\\\/fapecuador.org\\\/es_ec\\\/#\\\/schema\\\/logo\\\/image\\\/\"}}]}<\/script>\n<!-- \/ Yoast SEO plugin. -->","yoast_head_json":{"title":"Jab\u00f3n Moona Carb\u00f3n Activado - Fundaci\u00f3n Amazon\u00eda Productiva","robots":{"index":"index","follow":"follow","max-snippet":"max-snippet:-1","max-image-preview":"max-image-preview:large","max-video-preview":"max-video-preview:-1"},"canonical":"https:\/\/fapecuador.org\/en\/product\/jabon-moona-carbob-activado\/","og_locale":"en_US","og_type":"article","og_title":"Jab\u00f3n Moona Carb\u00f3n Activado - Fundaci\u00f3n Amazon\u00eda Productiva","og_description":"El jab\u00f3n de Carb\u00f3n Activado de Moona, es un jab\u00f3n hecho a base de glicerina vegetal. La glicerina posee m\u00faltiples propiedades que ayudan a la salud de la piel: es humectante, tiene pH neutro similar al de la piel, es apta para todo tipo de pieles, y adem\u00e1s es higrosc\u00f3pica, es decir, posee la capacidad de atraer la humedad del ambiente y retenerla en la piel, hidrat\u00e1ndola.","og_url":"https:\/\/fapecuador.org\/en\/product\/jabon-moona-carbob-activado\/","og_site_name":"Fundaci\u00f3n Amazon\u00eda Productiva","article_modified_time":"2024-04-24T15:35:15+00:00","og_image":[{"width":600,"height":600,"url":"https:\/\/fapecuador.org\/wp-content\/uploads\/2022\/07\/moon2.jpeg","type":"image\/jpeg"}],"twitter_card":"summary_large_image","schema":{"@context":"https:\/\/schema.org","@graph":[{"@type":"WebPage","@id":"https:\/\/fapecuador.org\/product\/jabon-moona-carbob-activado\/","url":"https:\/\/fapecuador.org\/product\/jabon-moona-carbob-activado\/","name":"Jab\u00f3n Moona Carb\u00f3n Activado - Fundaci\u00f3n Amazon\u00eda Productiva","isPartOf":{"@id":"http:\/\/fapecuador.org\/es_ec\/#website"},"primaryImageOfPage":{"@id":"https:\/\/fapecuador.org\/product\/jabon-moona-carbob-activado\/#primaryimage"},"image":{"@id":"https:\/\/fapecuador.org\/product\/jabon-moona-carbob-activado\/#primaryimage"},"thumbnailUrl":"https:\/\/fapecuador.org\/wp-content\/uploads\/2022\/07\/moon2.jpeg","datePublished":"2022-07-15T17:26:42+00:00","dateModified":"2024-04-24T15:35:15+00:00","breadcrumb":{"@id":"https:\/\/fapecuador.org\/product\/jabon-moona-carbob-activado\/#breadcrumb"},"inLanguage":"en-US","potentialAction":[{"@type":"ReadAction","target":["https:\/\/fapecuador.org\/product\/jabon-moona-carbob-activado\/"]}]},{"@type":"ImageObject","inLanguage":"en-US","@id":"https:\/\/fapecuador.org\/product\/jabon-moona-carbob-activado\/#primaryimage","url":"https:\/\/fapecuador.org\/wp-content\/uploads\/2022\/07\/moon2.jpeg","contentUrl":"https:\/\/fapecuador.org\/wp-content\/uploads\/2022\/07\/moon2.jpeg","width":600,"height":600},{"@type":"BreadcrumbList","@id":"https:\/\/fapecuador.org\/product\/jabon-moona-carbob-activado\/#breadcrumb","itemListElement":[{"@type":"ListItem","position":1,"name":"Portada","item":"https:\/\/fapecuador.org\/"},{"@type":"ListItem","position":2,"name":"Productos","item":"https:\/\/fapecuador.org\/es_ec\/shop\/"},{"@type":"ListItem","position":3,"name":"Jab\u00f3n Moona Carb\u00f3n Activado"}]},{"@type":"WebSite","@id":"http:\/\/fapecuador.org\/es_ec\/#website","url":"http:\/\/fapecuador.org\/es_ec\/","name":"Fundaci\u00f3n Amazon\u00eda Productiva","description":"","publisher":{"@id":"http:\/\/fapecuador.org\/es_ec\/#organization"},"potentialAction":[{"@type":"SearchAction","target":{"@type":"EntryPoint","urlTemplate":"http:\/\/fapecuador.org\/es_ec\/?s={search_term_string}"},"query-input":{"@type":"PropertyValueSpecification","valueRequired":true,"valueName":"search_term_string"}}],"inLanguage":"en-US"},{"@type":"Organization","@id":"http:\/\/fapecuador.org\/es_ec\/#organization","name":"Fundaci\u00f3n Amazon\u00eda Productiva","url":"http:\/\/fapecuador.org\/es_ec\/","logo":{"@type":"ImageObject","inLanguage":"en-US","@id":"http:\/\/fapecuador.org\/es_ec\/#\/schema\/logo\/image\/","url":"https:\/\/fapecuador.org\/wp-content\/uploads\/2022\/07\/cropped-logo-fap-2020-cop.png","contentUrl":"https:\/\/fapecuador.org\/wp-content\/uploads\/2022\/07\/cropped-logo-fap-2020-cop.png","width":592,"height":297,"caption":"Fundaci\u00f3n Amazon\u00eda Productiva"},"image":{"@id":"http:\/\/fapecuador.org\/es_ec\/#\/schema\/logo\/image\/"}}]}},"_links":{"self":[{"href":"https:\/\/fapecuador.org\/en\/wp-json\/wp\/v2\/product\/615","targetHints":{"allow":["GET"]}}],"collection":[{"href":"https:\/\/fapecuador.org\/en\/wp-json\/wp\/v2\/product"}],"about":[{"href":"https:\/\/fapecuador.org\/en\/wp-json\/wp\/v2\/types\/product"}],"replies":[{"embeddable":true,"href":"https:\/\/fapecuador.org\/en\/wp-json\/wp\/v2\/comments?post=615"}],"wp:featuredmedia":[{"embeddable":true,"href":"https:\/\/fapecuador.org\/en\/wp-json\/wp\/v2\/media\/616"}],"wp:attachment":[{"href":"https:\/\/fapecuador.org\/en\/wp-json\/wp\/v2\/media?parent=615"}],"wp:term":[{"taxonomy":"product_brand","embeddable":true,"href":"https:\/\/fapecuador.org\/en\/wp-json\/wp\/v2\/product_brand?post=615"},{"taxonomy":"product_cat","embeddable":true,"href":"https:\/\/fapecuador.org\/en\/wp-json\/wp\/v2\/product_cat?post=615"},{"taxonomy":"product_tag","embeddable":true,"href":"https:\/\/fapecuador.org\/en\/wp-json\/wp\/v2\/product_tag?post=615"}],"curies":[{"name":"wp","href":"https:\/\/api.w.org\/{rel}","templated":true}]}}