{"id":625,"date":"2022-07-15T17:42:50","date_gmt":"2022-07-15T17:42:50","guid":{"rendered":"http:\/\/fap-ec.local\/?post_type=product&#038;p=625"},"modified":"2022-07-27T17:20:01","modified_gmt":"2022-07-27T17:20:01","slug":"shampoo-solido-moona-essence","status":"publish","type":"product","link":"https:\/\/fapecuador.org\/en\/product\/shampoo-solido-moona-essence\/","title":{"rendered":"Moona Essence solid Shampoo"},"content":{"rendered":"","protected":false},"excerpt":{"rendered":"<p>Affordable, durable, easy to take anywhere, and packed with natural ingredients and vegetable oils. Ideal for your hair, but first is a perfect product that is friendly to the planet since its use drastically reduces our carbon footprint.<\/p>\n<p>Ingredients: Coconut Oil, Argan Oil, Ginger Essential Oil, Black Currant Oil, Aloe Vera Extract, Raspberry Essence.<\/p>","protected":false},"featured_media":626,"comment_status":"open","ping_status":"closed","template":"","meta":[],"product_brand":[],"product_cat":[43,20],"product_tag":[],"class_list":{"0":"post-625","1":"product","2":"type-product","3":"status-publish","4":"has-post-thumbnail","6":"product_cat-tienda","7":"product_cat-uncategorized","9":"first","10":"instock","11":"taxable","12":"shipping-taxable","13":"purchasable","14":"product-type-simple"},"yoast_head":"<!-- This site is optimized with the Yoast SEO plugin v27.4 - https:\/\/yoast.com\/product\/yoast-seo-wordpress\/ -->\n<title>Shampoo s\u00f3lido Moona Essence - Fundaci\u00f3n Amazon\u00eda Productiva<\/title>\n<meta name=\"robots\" content=\"index, follow, max-snippet:-1, max-image-preview:large, max-video-preview:-1\" \/>\n<link rel=\"canonical\" href=\"http:\/\/fapecuador.org\/en\/product\/shampoo-solido-moona-essence\/\" \/>\n<meta property=\"og:locale\" content=\"en_US\" \/>\n<meta property=\"og:type\" content=\"article\" \/>\n<meta property=\"og:title\" content=\"Shampoo s\u00f3lido Moona Essence - Fundaci\u00f3n Amazon\u00eda Productiva\" \/>\n<meta property=\"og:description\" content=\"Econ\u00f3mico, duradero, f\u00e1cil de llevar a cualquier parte y repleto de ingredientes naturales y aceites vegetales ideales para tu pelo, pero sobre todo, es un producto ideal para cuidar del planeta, ya que su uso reduce dr\u00e1sticamente nuestra huella de carbono.  Ingredientes: Aceite de coco, Aceite de Arg\u00e1n, Aceite esencial de Jengibre, Aceite de Grosella negra, Extracto de Aloe Vera, Esencia de Frambuesas.\" \/>\n<meta property=\"og:url\" content=\"http:\/\/fapecuador.org\/en\/product\/shampoo-solido-moona-essence\/\" \/>\n<meta property=\"og:site_name\" content=\"Fundaci\u00f3n Amazon\u00eda Productiva\" \/>\n<meta property=\"article:modified_time\" content=\"2022-07-27T17:20:01+00:00\" \/>\n<meta property=\"og:image\" content=\"https:\/\/fapecuador.org\/wp-content\/uploads\/2022\/07\/moon1.jpeg\" \/>\n\t<meta property=\"og:image:width\" content=\"540\" \/>\n\t<meta property=\"og:image:height\" content=\"540\" \/>\n\t<meta property=\"og:image:type\" content=\"image\/jpeg\" \/>\n<meta name=\"twitter:card\" content=\"summary_large_image\" \/>\n<script type=\"application\/ld+json\" class=\"yoast-schema-graph\">{\"@context\":\"https:\\\/\\\/schema.org\",\"@graph\":[{\"@type\":\"WebPage\",\"@id\":\"http:\\\/\\\/fapecuador.org\\\/en\\\/product\\\/shampoo-solido-moona-essence\\\/\",\"url\":\"http:\\\/\\\/fapecuador.org\\\/en\\\/product\\\/shampoo-solido-moona-essence\\\/\",\"name\":\"Shampoo s\u00f3lido Moona Essence - Fundaci\u00f3n Amazon\u00eda Productiva\",\"isPartOf\":{\"@id\":\"http:\\\/\\\/fapecuador.org\\\/es_ec\\\/#website\"},\"primaryImageOfPage\":{\"@id\":\"http:\\\/\\\/fapecuador.org\\\/en\\\/product\\\/shampoo-solido-moona-essence\\\/#primaryimage\"},\"image\":{\"@id\":\"http:\\\/\\\/fapecuador.org\\\/en\\\/product\\\/shampoo-solido-moona-essence\\\/#primaryimage\"},\"thumbnailUrl\":\"https:\\\/\\\/fapecuador.org\\\/wp-content\\\/uploads\\\/2022\\\/07\\\/moon1.jpeg\",\"datePublished\":\"2022-07-15T17:42:50+00:00\",\"dateModified\":\"2022-07-27T17:20:01+00:00\",\"breadcrumb\":{\"@id\":\"http:\\\/\\\/fapecuador.org\\\/en\\\/product\\\/shampoo-solido-moona-essence\\\/#breadcrumb\"},\"inLanguage\":\"en-US\",\"potentialAction\":[{\"@type\":\"ReadAction\",\"target\":[\"http:\\\/\\\/fapecuador.org\\\/en\\\/product\\\/shampoo-solido-moona-essence\\\/\"]}]},{\"@type\":\"ImageObject\",\"inLanguage\":\"en-US\",\"@id\":\"http:\\\/\\\/fapecuador.org\\\/en\\\/product\\\/shampoo-solido-moona-essence\\\/#primaryimage\",\"url\":\"https:\\\/\\\/fapecuador.org\\\/wp-content\\\/uploads\\\/2022\\\/07\\\/moon1.jpeg\",\"contentUrl\":\"https:\\\/\\\/fapecuador.org\\\/wp-content\\\/uploads\\\/2022\\\/07\\\/moon1.jpeg\",\"width\":540,\"height\":540},{\"@type\":\"BreadcrumbList\",\"@id\":\"http:\\\/\\\/fapecuador.org\\\/en\\\/product\\\/shampoo-solido-moona-essence\\\/#breadcrumb\",\"itemListElement\":[{\"@type\":\"ListItem\",\"position\":1,\"name\":\"Portada\",\"item\":\"https:\\\/\\\/fapecuador.org\\\/\"},{\"@type\":\"ListItem\",\"position\":2,\"name\":\"Productos\",\"item\":\"https:\\\/\\\/fapecuador.org\\\/es_ec\\\/shop\\\/\"},{\"@type\":\"ListItem\",\"position\":3,\"name\":\"Shampoo s\u00f3lido Moona Essence\"}]},{\"@type\":\"WebSite\",\"@id\":\"http:\\\/\\\/fapecuador.org\\\/es_ec\\\/#website\",\"url\":\"http:\\\/\\\/fapecuador.org\\\/es_ec\\\/\",\"name\":\"Fundaci\u00f3n Amazon\u00eda Productiva\",\"description\":\"\",\"publisher\":{\"@id\":\"http:\\\/\\\/fapecuador.org\\\/es_ec\\\/#organization\"},\"potentialAction\":[{\"@type\":\"SearchAction\",\"target\":{\"@type\":\"EntryPoint\",\"urlTemplate\":\"http:\\\/\\\/fapecuador.org\\\/es_ec\\\/?s={search_term_string}\"},\"query-input\":{\"@type\":\"PropertyValueSpecification\",\"valueRequired\":true,\"valueName\":\"search_term_string\"}}],\"inLanguage\":\"en-US\"},{\"@type\":\"Organization\",\"@id\":\"http:\\\/\\\/fapecuador.org\\\/es_ec\\\/#organization\",\"name\":\"Fundaci\u00f3n Amazon\u00eda Productiva\",\"url\":\"http:\\\/\\\/fapecuador.org\\\/es_ec\\\/\",\"logo\":{\"@type\":\"ImageObject\",\"inLanguage\":\"en-US\",\"@id\":\"http:\\\/\\\/fapecuador.org\\\/es_ec\\\/#\\\/schema\\\/logo\\\/image\\\/\",\"url\":\"https:\\\/\\\/fapecuador.org\\\/wp-content\\\/uploads\\\/2022\\\/07\\\/cropped-logo-fap-2020-cop.png\",\"contentUrl\":\"https:\\\/\\\/fapecuador.org\\\/wp-content\\\/uploads\\\/2022\\\/07\\\/cropped-logo-fap-2020-cop.png\",\"width\":592,\"height\":297,\"caption\":\"Fundaci\u00f3n Amazon\u00eda Productiva\"},\"image\":{\"@id\":\"http:\\\/\\\/fapecuador.org\\\/es_ec\\\/#\\\/schema\\\/logo\\\/image\\\/\"}}]}<\/script>\n<!-- \/ Yoast SEO plugin. -->","yoast_head_json":{"title":"Shampoo s\u00f3lido Moona Essence - Fundaci\u00f3n Amazon\u00eda Productiva","robots":{"index":"index","follow":"follow","max-snippet":"max-snippet:-1","max-image-preview":"max-image-preview:large","max-video-preview":"max-video-preview:-1"},"canonical":"http:\/\/fapecuador.org\/en\/product\/shampoo-solido-moona-essence\/","og_locale":"en_US","og_type":"article","og_title":"Shampoo s\u00f3lido Moona Essence - Fundaci\u00f3n Amazon\u00eda Productiva","og_description":"Econ\u00f3mico, duradero, f\u00e1cil de llevar a cualquier parte y repleto de ingredientes naturales y aceites vegetales ideales para tu pelo, pero sobre todo, es un producto ideal para cuidar del planeta, ya que su uso reduce dr\u00e1sticamente nuestra huella de carbono.  Ingredientes: Aceite de coco, Aceite de Arg\u00e1n, Aceite esencial de Jengibre, Aceite de Grosella negra, Extracto de Aloe Vera, Esencia de Frambuesas.","og_url":"http:\/\/fapecuador.org\/en\/product\/shampoo-solido-moona-essence\/","og_site_name":"Fundaci\u00f3n Amazon\u00eda Productiva","article_modified_time":"2022-07-27T17:20:01+00:00","og_image":[{"width":540,"height":540,"url":"https:\/\/fapecuador.org\/wp-content\/uploads\/2022\/07\/moon1.jpeg","type":"image\/jpeg"}],"twitter_card":"summary_large_image","schema":{"@context":"https:\/\/schema.org","@graph":[{"@type":"WebPage","@id":"http:\/\/fapecuador.org\/en\/product\/shampoo-solido-moona-essence\/","url":"http:\/\/fapecuador.org\/en\/product\/shampoo-solido-moona-essence\/","name":"Shampoo s\u00f3lido Moona Essence - Fundaci\u00f3n Amazon\u00eda Productiva","isPartOf":{"@id":"http:\/\/fapecuador.org\/es_ec\/#website"},"primaryImageOfPage":{"@id":"http:\/\/fapecuador.org\/en\/product\/shampoo-solido-moona-essence\/#primaryimage"},"image":{"@id":"http:\/\/fapecuador.org\/en\/product\/shampoo-solido-moona-essence\/#primaryimage"},"thumbnailUrl":"https:\/\/fapecuador.org\/wp-content\/uploads\/2022\/07\/moon1.jpeg","datePublished":"2022-07-15T17:42:50+00:00","dateModified":"2022-07-27T17:20:01+00:00","breadcrumb":{"@id":"http:\/\/fapecuador.org\/en\/product\/shampoo-solido-moona-essence\/#breadcrumb"},"inLanguage":"en-US","potentialAction":[{"@type":"ReadAction","target":["http:\/\/fapecuador.org\/en\/product\/shampoo-solido-moona-essence\/"]}]},{"@type":"ImageObject","inLanguage":"en-US","@id":"http:\/\/fapecuador.org\/en\/product\/shampoo-solido-moona-essence\/#primaryimage","url":"https:\/\/fapecuador.org\/wp-content\/uploads\/2022\/07\/moon1.jpeg","contentUrl":"https:\/\/fapecuador.org\/wp-content\/uploads\/2022\/07\/moon1.jpeg","width":540,"height":540},{"@type":"BreadcrumbList","@id":"http:\/\/fapecuador.org\/en\/product\/shampoo-solido-moona-essence\/#breadcrumb","itemListElement":[{"@type":"ListItem","position":1,"name":"Portada","item":"https:\/\/fapecuador.org\/"},{"@type":"ListItem","position":2,"name":"Productos","item":"https:\/\/fapecuador.org\/es_ec\/shop\/"},{"@type":"ListItem","position":3,"name":"Shampoo s\u00f3lido Moona Essence"}]},{"@type":"WebSite","@id":"http:\/\/fapecuador.org\/es_ec\/#website","url":"http:\/\/fapecuador.org\/es_ec\/","name":"Fundaci\u00f3n Amazon\u00eda Productiva","description":"","publisher":{"@id":"http:\/\/fapecuador.org\/es_ec\/#organization"},"potentialAction":[{"@type":"SearchAction","target":{"@type":"EntryPoint","urlTemplate":"http:\/\/fapecuador.org\/es_ec\/?s={search_term_string}"},"query-input":{"@type":"PropertyValueSpecification","valueRequired":true,"valueName":"search_term_string"}}],"inLanguage":"en-US"},{"@type":"Organization","@id":"http:\/\/fapecuador.org\/es_ec\/#organization","name":"Fundaci\u00f3n Amazon\u00eda Productiva","url":"http:\/\/fapecuador.org\/es_ec\/","logo":{"@type":"ImageObject","inLanguage":"en-US","@id":"http:\/\/fapecuador.org\/es_ec\/#\/schema\/logo\/image\/","url":"https:\/\/fapecuador.org\/wp-content\/uploads\/2022\/07\/cropped-logo-fap-2020-cop.png","contentUrl":"https:\/\/fapecuador.org\/wp-content\/uploads\/2022\/07\/cropped-logo-fap-2020-cop.png","width":592,"height":297,"caption":"Fundaci\u00f3n Amazon\u00eda Productiva"},"image":{"@id":"http:\/\/fapecuador.org\/es_ec\/#\/schema\/logo\/image\/"}}]}},"_links":{"self":[{"href":"https:\/\/fapecuador.org\/en\/wp-json\/wp\/v2\/product\/625","targetHints":{"allow":["GET"]}}],"collection":[{"href":"https:\/\/fapecuador.org\/en\/wp-json\/wp\/v2\/product"}],"about":[{"href":"https:\/\/fapecuador.org\/en\/wp-json\/wp\/v2\/types\/product"}],"replies":[{"embeddable":true,"href":"https:\/\/fapecuador.org\/en\/wp-json\/wp\/v2\/comments?post=625"}],"wp:featuredmedia":[{"embeddable":true,"href":"https:\/\/fapecuador.org\/en\/wp-json\/wp\/v2\/media\/626"}],"wp:attachment":[{"href":"https:\/\/fapecuador.org\/en\/wp-json\/wp\/v2\/media?parent=625"}],"wp:term":[{"taxonomy":"product_brand","embeddable":true,"href":"https:\/\/fapecuador.org\/en\/wp-json\/wp\/v2\/product_brand?post=625"},{"taxonomy":"product_cat","embeddable":true,"href":"https:\/\/fapecuador.org\/en\/wp-json\/wp\/v2\/product_cat?post=625"},{"taxonomy":"product_tag","embeddable":true,"href":"https:\/\/fapecuador.org\/en\/wp-json\/wp\/v2\/product_tag?post=625"}],"curies":[{"name":"wp","href":"https:\/\/api.w.org\/{rel}","templated":true}]}}