{"id":627,"date":"2022-07-15T19:43:56","date_gmt":"2022-07-15T19:43:56","guid":{"rendered":"http:\/\/fap-ec.local\/?page_id=627"},"modified":"2022-07-22T14:16:05","modified_gmt":"2022-07-22T14:16:05","slug":"donaciones","status":"publish","type":"page","link":"https:\/\/fapecuador.org\/es_ec\/donaciones\/","title":{"rendered":"DONACIONES"},"content":{"rendered":"\t\t<div data-elementor-type=\"wp-page\" data-elementor-id=\"627\" class=\"elementor elementor-627\" data-elementor-post-type=\"page\">\n\t\t\t\t\t\t<section class=\"elementor-section elementor-top-section elementor-element elementor-element-c3afb3f elementor-section-boxed elementor-section-height-default elementor-section-height-default\" data-id=\"c3afb3f\" data-element_type=\"section\" data-e-type=\"section\" data-settings=\"{&quot;background_background&quot;:&quot;classic&quot;}\">\n\t\t\t\t\t\t<div class=\"elementor-container elementor-column-gap-default\">\n\t\t\t\t\t<div class=\"elementor-column elementor-col-100 elementor-top-column elementor-element elementor-element-73756ab\" data-id=\"73756ab\" data-element_type=\"column\" data-e-type=\"column\">\n\t\t\t<div class=\"elementor-widget-wrap elementor-element-populated\">\n\t\t\t\t\t\t<div class=\"elementor-element elementor-element-5f2fd12 elementor-widget elementor-widget-heading\" data-id=\"5f2fd12\" data-element_type=\"widget\" data-e-type=\"widget\" data-widget_type=\"heading.default\">\n\t\t\t\t<div class=\"elementor-widget-container\">\n\t\t\t\t\t<h1 class=\"elementor-heading-title elementor-size-default\">DONACIONES<\/h1>\t\t\t\t<\/div>\n\t\t\t\t<\/div>\n\t\t\t\t\t<\/div>\n\t\t<\/div>\n\t\t\t\t\t<\/div>\n\t\t<\/section>\n\t\t\t\t<section class=\"elementor-section elementor-top-section elementor-element elementor-element-e752eca elementor-section-boxed elementor-section-height-default elementor-section-height-default\" data-id=\"e752eca\" data-element_type=\"section\" data-e-type=\"section\">\n\t\t\t\t\t\t<div class=\"elementor-container elementor-column-gap-default\">\n\t\t\t\t\t<div class=\"elementor-column elementor-col-100 elementor-top-column elementor-element elementor-element-2cc9e52\" data-id=\"2cc9e52\" data-element_type=\"column\" data-e-type=\"column\">\n\t\t\t<div class=\"elementor-widget-wrap elementor-element-populated\">\n\t\t\t\t\t\t<div class=\"elementor-element elementor-element-bde26af elementor-blockquote--skin-border elementor-widget elementor-widget-blockquote\" data-id=\"bde26af\" data-element_type=\"widget\" data-e-type=\"widget\" data-widget_type=\"blockquote.default\">\n\t\t\t\t<div class=\"elementor-widget-container\">\n\t\t\t\t\t\t\t<blockquote class=\"elementor-blockquote\">\r\n\t\t\t<p class=\"elementor-blockquote__content\">\r\n\t\t\t\t\"LA FELICIDAD NO ES EL RESULTADO DE LO QUE RECIBIMOS, SINO M\u00c1S BIEN DE LO QUE DAMOS\"\t\t\t<\/p>\r\n\t\t\t\t\t\t\t<div class=\"e-q-footer\">\r\n\t\t\t\t\t\t\t\t\t\t\t<cite class=\"elementor-blockquote__author\">- Ben Carson<\/cite>\r\n\t\t\t\t\t\t\t\t\t\t\t\t\t\t<\/div>\r\n\t\t\t\t\t<\/blockquote>\r\n\t\t\t\t\t\t<\/div>\n\t\t\t\t<\/div>\n\t\t\t\t<section class=\"elementor-section elementor-inner-section elementor-element elementor-element-39a1eb1 elementor-section-boxed elementor-section-height-default elementor-section-height-default\" data-id=\"39a1eb1\" data-element_type=\"section\" data-e-type=\"section\">\n\t\t\t\t\t\t<div class=\"elementor-container elementor-column-gap-wider\">\n\t\t\t\t\t<div class=\"elementor-column elementor-col-50 elementor-inner-column elementor-element elementor-element-7fb89a0\" data-id=\"7fb89a0\" data-element_type=\"column\" data-e-type=\"column\">\n\t\t\t<div class=\"elementor-widget-wrap elementor-element-populated\">\n\t\t\t\t\t\t<div class=\"elementor-element elementor-element-9afc51f elementor-widget elementor-widget-text-editor\" data-id=\"9afc51f\" data-element_type=\"widget\" data-e-type=\"widget\" data-widget_type=\"text-editor.default\">\n\t\t\t\t<div class=\"elementor-widget-container\">\n\t\t\t\t\t\t\t\t\t<p>Las comunidades amaz\u00f3nicas y el medio ambiente le agradecen infinitamente su contribuci\u00f3n.<\/p><p>Para dar seguimiento a donde van estos fondos recaudados, dar clic <a href=\"\/contacto\/\">AQU\u00cd<\/a>.<\/p>\t\t\t\t\t\t\t\t<\/div>\n\t\t\t\t<\/div>\n\t\t\t\t<div class=\"elementor-element elementor-element-0d1350a elementor-widget elementor-widget-heading\" data-id=\"0d1350a\" data-element_type=\"widget\" data-e-type=\"widget\" data-widget_type=\"heading.default\">\n\t\t\t\t<div class=\"elementor-widget-container\">\n\t\t\t\t\t<h2 class=\"elementor-heading-title elementor-size-default\">PARA REALIZAR UNA DONACI\u00d3N, DA CLIC EN EL SIGUIENTE ENLACE QUE TE LLEVAR\u00c1 A NUESTRA P\u00c1GINA DE DONACIONES DE PAYPAL:<\/h2>\t\t\t\t<\/div>\n\t\t\t\t<\/div>\n\t\t\t\t<div class=\"elementor-element elementor-element-091974e elementor-align-left elementor-widget elementor-widget-paypal-button\" data-id=\"091974e\" data-element_type=\"widget\" data-e-type=\"widget\" data-settings=\"{&quot;merchant_account&quot;:&quot;simple&quot;}\" data-widget_type=\"paypal-button.default\">\n\t\t\t\t<div class=\"elementor-widget-container\">\n\t\t\t\t\t\t\t\t\t<div class=\"elementor-button-wrapper\">\r\n\t\t\t\t\t\t\t<form action=\"https:\/\/www.paypal.com\/cgi-bin\/webscr\" method=\"post\" target=\"_blank\">\r\n\t\t\t<input type=\"hidden\" name=\"cmd\" value=\"_donations\" \/>\r\n\t\t\t<input type=\"hidden\" name=\"business\" value=\"flormaria@fapecuador.com\" \/>\r\n\t\t\t<input type=\"hidden\" name=\"lc\" value=\"US\" \/>\r\n\t\t\t<input type=\"hidden\" name=\"item_name\" value=\"Donaci\u00f3n Fundaci\u00f3n Amazon\u00eda Productiva\" \/>\r\n\t\t\t<input type=\"hidden\" name=\"item_number\" value=\"\" \/>\r\n\t\t\t<input type=\"hidden\" name=\"currency_code\" value=\"USD\" \/>\r\n\t\t\t<input type=\"hidden\" name=\"amount\" value=\"\" \/>\r\n\t\t\t<input type=\"hidden\" name=\"no_note\" value=\"1\">\r\n\r\n\t\t\t\t\t<button class=\"elementor-button elementor-size-sm elementor-paypal-legacy elementor-payment-button\" role=\"button\" type=\"submit\">\r\n\t\t\t\t\t<span class=\"elementor-button-content-wrapper\">\n\t\t\t\t\t\t<span class=\"elementor-button-icon\">\n\t\t\t\t<i aria-hidden=\"true\" class=\"fab fa-paypal\"><\/i>\t\t\t<\/span>\n\t\t\t\t\t\t\t\t\t<span class=\"elementor-button-text\">Donar<\/span>\n\t\t\t\t\t<\/span>\n\t\t\t\t<\/button>\r\n\t\t\t\t<\/form>\r\n\t\t\t\t\t\t<\/div>\r\n\t\t\t\t\t\t\t\t<\/div>\n\t\t\t\t<\/div>\n\t\t\t\t\t<\/div>\n\t\t<\/div>\n\t\t\t\t<div class=\"elementor-column elementor-col-50 elementor-inner-column elementor-element elementor-element-b6d71be\" data-id=\"b6d71be\" data-element_type=\"column\" data-e-type=\"column\">\n\t\t\t<div class=\"elementor-widget-wrap elementor-element-populated\">\n\t\t\t\t\t\t<div class=\"elementor-element elementor-element-69c3ce0 elementor-widget elementor-widget-image\" data-id=\"69c3ce0\" data-element_type=\"widget\" data-e-type=\"widget\" data-widget_type=\"image.default\">\n\t\t\t\t<div class=\"elementor-widget-container\">\n\t\t\t\t\t\t\t\t\t\t\t\t\t\t\t<img fetchpriority=\"high\" decoding=\"async\" width=\"800\" height=\"600\" src=\"https:\/\/fapecuador.org\/wp-content\/uploads\/2022\/07\/Donar2.jpg\" class=\"attachment-large size-large wp-image-634\" alt=\"\" srcset=\"https:\/\/fapecuador.org\/wp-content\/uploads\/2022\/07\/Donar2.jpg 800w, https:\/\/fapecuador.org\/wp-content\/uploads\/2022\/07\/Donar2-600x450.jpg 600w, https:\/\/fapecuador.org\/wp-content\/uploads\/2022\/07\/Donar2-300x225.jpg 300w, https:\/\/fapecuador.org\/wp-content\/uploads\/2022\/07\/Donar2-768x576.jpg 768w\" sizes=\"(max-width: 800px) 100vw, 800px\" \/>\t\t\t\t\t\t\t\t\t\t\t\t\t\t\t<\/div>\n\t\t\t\t<\/div>\n\t\t\t\t\t<\/div>\n\t\t<\/div>\n\t\t\t\t\t<\/div>\n\t\t<\/section>\n\t\t\t\t<section class=\"elementor-section elementor-inner-section elementor-element elementor-element-614e26f elementor-section-content-middle elementor-section-boxed elementor-section-height-default elementor-section-height-default\" data-id=\"614e26f\" data-element_type=\"section\" data-e-type=\"section\">\n\t\t\t\t\t\t<div class=\"elementor-container elementor-column-gap-wider\">\n\t\t\t\t\t<div class=\"elementor-column elementor-col-50 elementor-inner-column elementor-element elementor-element-21f1268\" data-id=\"21f1268\" data-element_type=\"column\" data-e-type=\"column\">\n\t\t\t<div class=\"elementor-widget-wrap elementor-element-populated\">\n\t\t\t\t\t\t<div class=\"elementor-element elementor-element-f8b6a1a elementor-widget elementor-widget-image\" data-id=\"f8b6a1a\" data-element_type=\"widget\" data-e-type=\"widget\" data-widget_type=\"image.default\">\n\t\t\t\t<div class=\"elementor-widget-container\">\n\t\t\t\t\t\t\t\t\t\t\t\t\t\t\t<img decoding=\"async\" width=\"768\" height=\"576\" src=\"https:\/\/fapecuador.org\/wp-content\/uploads\/2022\/07\/Donar1-768x576.jpg\" class=\"attachment-medium_large size-medium_large wp-image-635\" alt=\"\" srcset=\"https:\/\/fapecuador.org\/wp-content\/uploads\/2022\/07\/Donar1-768x576.jpg 768w, https:\/\/fapecuador.org\/wp-content\/uploads\/2022\/07\/Donar1-600x450.jpg 600w, https:\/\/fapecuador.org\/wp-content\/uploads\/2022\/07\/Donar1-300x225.jpg 300w, https:\/\/fapecuador.org\/wp-content\/uploads\/2022\/07\/Donar1.jpg 800w\" sizes=\"(max-width: 768px) 100vw, 768px\" \/>\t\t\t\t\t\t\t\t\t\t\t\t\t\t\t<\/div>\n\t\t\t\t<\/div>\n\t\t\t\t\t<\/div>\n\t\t<\/div>\n\t\t\t\t<div class=\"elementor-column elementor-col-50 elementor-inner-column elementor-element elementor-element-91e1c1a\" data-id=\"91e1c1a\" data-element_type=\"column\" data-e-type=\"column\">\n\t\t\t<div class=\"elementor-widget-wrap elementor-element-populated\">\n\t\t\t\t\t\t<div class=\"elementor-element elementor-element-a73eed0 elementor-widget elementor-widget-text-editor\" data-id=\"a73eed0\" data-element_type=\"widget\" data-e-type=\"widget\" data-widget_type=\"text-editor.default\">\n\t\t\t\t<div class=\"elementor-widget-container\">\n\t\t\t\t\t\t\t\t\t<p>Todos los datos bancarios y personales que son entregados por los donantes son manejados con absoluta reserva, confidencialidad, seguridad y ser\u00e1n utilizados exclusivamente para la gesti\u00f3n del aporte dado, as\u00ed como para el env\u00edo de comunicaciones mediante correo electr\u00f3nico de la actividad que realiza Fundaci\u00f3n Amazon\u00eda Productiva.<\/p><p>Puede leer m\u00e1s en nuestra <a href=\"https:\/\/fapecuador.org\/politica-de-privacidad\/?preview_id=599&amp;preview_nonce=89f94417c6&amp;preview=true\" target=\"_blank\" rel=\"noopener\"><span style=\"color: #9ac481;\">Pol\u00edtica de Privacidad.<\/span><\/a><\/p>\t\t\t\t\t\t\t\t<\/div>\n\t\t\t\t<\/div>\n\t\t\t\t\t<\/div>\n\t\t<\/div>\n\t\t\t\t\t<\/div>\n\t\t<\/section>\n\t\t\t\t<div class=\"elementor-element elementor-element-b73bbcf elementor-widget elementor-widget-heading\" data-id=\"b73bbcf\" data-element_type=\"widget\" data-e-type=\"widget\" data-widget_type=\"heading.default\">\n\t\t\t\t<div class=\"elementor-widget-container\">\n\t\t\t\t\t<h2 class=\"elementor-heading-title elementor-size-default\">Si deseas hacer una donaci\u00f3n de una cantidad elevada o a nombre de una Empresa, nosotros podemos enviarte electr\u00f3nicamente un CERTIFICADO de apoyo al proyecto exacto al que deseas contribuir.<\/h2>\t\t\t\t<\/div>\n\t\t\t\t<\/div>\n\t\t\t\t<div class=\"elementor-element elementor-element-c34eaac elementor-widget elementor-widget-heading\" data-id=\"c34eaac\" data-element_type=\"widget\" data-e-type=\"widget\" data-widget_type=\"heading.default\">\n\t\t\t\t<div class=\"elementor-widget-container\">\n\t\t\t\t\t<h2 class=\"elementor-heading-title elementor-size-default\">\u00a1MUCHAS GRACIAS!<\/h2>\t\t\t\t<\/div>\n\t\t\t\t<\/div>\n\t\t\t\t<div class=\"elementor-element elementor-element-be87d6d elementor-widget elementor-widget-heading\" data-id=\"be87d6d\" data-element_type=\"widget\" data-e-type=\"widget\" data-widget_type=\"heading.default\">\n\t\t\t\t<div class=\"elementor-widget-container\">\n\t\t\t\t\t<h2 class=\"elementor-heading-title elementor-size-default\">FUNDACI\u00d3N AMAZON\u00cdA PRODUCTIVA<\/h2>\t\t\t\t<\/div>\n\t\t\t\t<\/div>\n\t\t\t\t<div class=\"elementor-element elementor-element-76f07ad elementor-widget elementor-widget-heading\" data-id=\"76f07ad\" data-element_type=\"widget\" data-e-type=\"widget\" data-widget_type=\"heading.default\">\n\t\t\t\t<div class=\"elementor-widget-container\">\n\t\t\t\t\t<h2 class=\"elementor-heading-title elementor-size-default\">NUESTRA POL\u00cdTICA DE DEVOLUCIONES<\/h2>\t\t\t\t<\/div>\n\t\t\t\t<\/div>\n\t\t\t\t<div class=\"elementor-element elementor-element-6e64203 elementor-widget elementor-widget-text-editor\" data-id=\"6e64203\" data-element_type=\"widget\" data-e-type=\"widget\" data-widget_type=\"text-editor.default\">\n\t\t\t\t<div class=\"elementor-widget-container\">\n\t\t\t\t\t\t\t\t\t<p>Las razones por las que el donante puede solicitar a Fundaci\u00f3n Amazon\u00eda Productiva o a su banco la devoluci\u00f3n del dinero donado son:<\/p><p><strong>1. El no haber autorizado la donaci\u00f3n.<\/strong><\/p><p><strong>2. Cancel\u00f3 su donaci\u00f3n y despu\u00e9s de esa fecha se le realiz\u00f3 un d\u00e9bito nuevo.<\/strong><\/p><p><strong>3. El aporte le fue debitado o cargado dos veces en el mismo mes.<\/strong><\/p>\t\t\t\t\t\t\t\t<\/div>\n\t\t\t\t<\/div>\n\t\t\t\t<div class=\"elementor-element elementor-element-f3d454f elementor-widget elementor-widget-heading\" data-id=\"f3d454f\" data-element_type=\"widget\" data-e-type=\"widget\" data-widget_type=\"heading.default\">\n\t\t\t\t<div class=\"elementor-widget-container\">\n\t\t\t\t\t<h2 class=\"elementor-heading-title elementor-size-default\">El proceso a seguir para una devoluci\u00f3n efectiva se describe a continuaci\u00f3n:<\/h2>\t\t\t\t<\/div>\n\t\t\t\t<\/div>\n\t\t\t\t<div class=\"elementor-element elementor-element-290beee elementor-widget elementor-widget-text-editor\" data-id=\"290beee\" data-element_type=\"widget\" data-e-type=\"widget\" data-widget_type=\"text-editor.default\">\n\t\t\t\t<div class=\"elementor-widget-container\">\n\t\t\t\t\t\t\t\t\t<ul><li>La devoluci\u00f3n del dinero se debe solicitar llamando al 0991345174 o acerc\u00e1ndose directamente a nuestra oficina ubicada en Calle Wilson OE 7-56 y Av. Diego de Almagro &#8211; La Mariscal, Quito.<\/li><li>Al pedir una devoluci\u00f3n, la Fundaci\u00f3n Amazon\u00eda Productiva revisar\u00e1 los soportes archivados y enviar\u00e1 al donante la copia del formulario firmado o de la grabaci\u00f3n de la llamada donde se autoriz\u00f3 la donaci\u00f3n, con el fin de identificar si se trat\u00f3 de una suplantaci\u00f3n.<\/li><li>El dinero solicitado ser\u00e1 transferido \u00fanicamente a la cuenta o tarjeta de cr\u00e9dito de la cual fue debitado. Las instituciones financieras se toman un m\u00ednimo de 2 d\u00edas y un m\u00e1ximo de 4 semanas para realizar la devoluci\u00f3n.<\/li><li>Las donaciones hechas mediante nuestro bot\u00f3n de PayPal al inicio de nuestra p\u00e1gina son de una \u00daNICA VEZ, esto quiere decir que ning\u00fan valor ser\u00e1 debitado mensualmente ni que el donante se compromete a donar por un tiempo indefinido.<\/li><li>Si desea hacer una donaci\u00f3n concurrente (mensual) por favor cont\u00e1ctenos directamente.<\/li><\/ul>\t\t\t\t\t\t\t\t<\/div>\n\t\t\t\t<\/div>\n\t\t\t\t\t<\/div>\n\t\t<\/div>\n\t\t\t\t\t<\/div>\n\t\t<\/section>\n\t\t\t\t<section class=\"elementor-section elementor-top-section elementor-element elementor-element-755b7c0 elementor-section-boxed elementor-section-height-default elementor-section-height-default\" data-id=\"755b7c0\" data-element_type=\"section\" data-e-type=\"section\">\n\t\t\t\t\t\t<div class=\"elementor-container elementor-column-gap-default\">\n\t\t\t\t\t<div class=\"elementor-column elementor-col-100 elementor-top-column elementor-element elementor-element-4612fb8\" data-id=\"4612fb8\" data-element_type=\"column\" data-e-type=\"column\">\n\t\t\t<div class=\"elementor-widget-wrap elementor-element-populated\">\n\t\t\t\t\t\t<div class=\"elementor-element elementor-element-21de7e0 elementor-widget elementor-widget-spacer\" data-id=\"21de7e0\" data-element_type=\"widget\" data-e-type=\"widget\" data-widget_type=\"spacer.default\">\n\t\t\t\t<div class=\"elementor-widget-container\">\n\t\t\t\t\t\t\t<div class=\"elementor-spacer\">\n\t\t\t<div class=\"elementor-spacer-inner\"><\/div>\n\t\t<\/div>\n\t\t\t\t\t\t<\/div>\n\t\t\t\t<\/div>\n\t\t\t\t\t<\/div>\n\t\t<\/div>\n\t\t\t\t\t<\/div>\n\t\t<\/section>\n\t\t\t\t<\/div>\n\t\t","protected":false},"excerpt":{"rendered":"<p>DONACIONES \u00abLA FELICIDAD NO ES EL RESULTADO DE LO QUE RECIBIMOS, SINO M\u00c1S BIEN DE LO QUE DAMOS\u00bb &#8211; Ben Carson Las comunidades amaz\u00f3nicas y el medio ambiente le agradecen infinitamente su contribuci\u00f3n. Para dar seguimiento a donde van estos fondos recaudados, dar clic AQU\u00cd. PARA REALIZAR UNA DONACI\u00d3N, DA CLIC EN EL SIGUIENTE ENLACE [&hellip;]<\/p>\n","protected":false},"author":4,"featured_media":0,"parent":0,"menu_order":0,"comment_status":"closed","ping_status":"closed","template":"","meta":{"footnotes":""},"class_list":["post-627","page","type-page","status-publish","hentry"],"yoast_head":"<!-- This site is optimized with the Yoast SEO plugin v27.4 - https:\/\/yoast.com\/product\/yoast-seo-wordpress\/ -->\n<title>DONACIONES - Fundaci\u00f3n Amazon\u00eda Productiva<\/title>\n<meta name=\"robots\" content=\"index, follow, max-snippet:-1, max-image-preview:large, max-video-preview:-1\" \/>\n<link rel=\"canonical\" href=\"https:\/\/fapecuador.org\/es_ec\/donaciones\/\" \/>\n<meta property=\"og:locale\" content=\"es_ES\" \/>\n<meta property=\"og:type\" content=\"article\" \/>\n<meta property=\"og:title\" content=\"DONACIONES - Fundaci\u00f3n Amazon\u00eda Productiva\" \/>\n<meta property=\"og:description\" content=\"DONACIONES \u00abLA FELICIDAD NO ES EL RESULTADO DE LO QUE RECIBIMOS, SINO M\u00c1S BIEN DE LO QUE DAMOS\u00bb &#8211; Ben Carson Las comunidades amaz\u00f3nicas y el medio ambiente le agradecen infinitamente su contribuci\u00f3n. Para dar seguimiento a donde van estos fondos recaudados, dar clic AQU\u00cd. PARA REALIZAR UNA DONACI\u00d3N, DA CLIC EN EL SIGUIENTE ENLACE [&hellip;]\" \/>\n<meta property=\"og:url\" content=\"https:\/\/fapecuador.org\/es_ec\/donaciones\/\" \/>\n<meta property=\"og:site_name\" content=\"Fundaci\u00f3n Amazon\u00eda Productiva\" \/>\n<meta property=\"article:modified_time\" content=\"2022-07-22T14:16:05+00:00\" \/>\n<meta property=\"og:image\" content=\"https:\/\/fapecuador.org\/wp-content\/uploads\/2022\/07\/Donar2.jpg\" \/>\n<meta name=\"twitter:card\" content=\"summary_large_image\" \/>\n<meta name=\"twitter:label1\" content=\"Tiempo de lectura\" \/>\n\t<meta name=\"twitter:data1\" content=\"2 minutos\" \/>\n<script type=\"application\/ld+json\" class=\"yoast-schema-graph\">{\"@context\":\"https:\\\/\\\/schema.org\",\"@graph\":[{\"@type\":\"WebPage\",\"@id\":\"https:\\\/\\\/fapecuador.org\\\/donaciones\\\/\",\"url\":\"https:\\\/\\\/fapecuador.org\\\/donaciones\\\/\",\"name\":\"DONACIONES - Fundaci\u00f3n Amazon\u00eda Productiva\",\"isPartOf\":{\"@id\":\"http:\\\/\\\/fapecuador.org\\\/es_ec\\\/#website\"},\"primaryImageOfPage\":{\"@id\":\"https:\\\/\\\/fapecuador.org\\\/donaciones\\\/#primaryimage\"},\"image\":{\"@id\":\"https:\\\/\\\/fapecuador.org\\\/donaciones\\\/#primaryimage\"},\"thumbnailUrl\":\"https:\\\/\\\/fapecuador.org\\\/wp-content\\\/uploads\\\/2022\\\/07\\\/Donar2.jpg\",\"datePublished\":\"2022-07-15T19:43:56+00:00\",\"dateModified\":\"2022-07-22T14:16:05+00:00\",\"breadcrumb\":{\"@id\":\"https:\\\/\\\/fapecuador.org\\\/donaciones\\\/#breadcrumb\"},\"inLanguage\":\"es\",\"potentialAction\":[{\"@type\":\"ReadAction\",\"target\":[\"https:\\\/\\\/fapecuador.org\\\/donaciones\\\/\"]}]},{\"@type\":\"ImageObject\",\"inLanguage\":\"es\",\"@id\":\"https:\\\/\\\/fapecuador.org\\\/donaciones\\\/#primaryimage\",\"url\":\"https:\\\/\\\/fapecuador.org\\\/wp-content\\\/uploads\\\/2022\\\/07\\\/Donar2.jpg\",\"contentUrl\":\"https:\\\/\\\/fapecuador.org\\\/wp-content\\\/uploads\\\/2022\\\/07\\\/Donar2.jpg\"},{\"@type\":\"BreadcrumbList\",\"@id\":\"https:\\\/\\\/fapecuador.org\\\/donaciones\\\/#breadcrumb\",\"itemListElement\":[{\"@type\":\"ListItem\",\"position\":1,\"name\":\"Portada\",\"item\":\"https:\\\/\\\/fapecuador.org\\\/\"},{\"@type\":\"ListItem\",\"position\":2,\"name\":\"DONACIONES\"}]},{\"@type\":\"WebSite\",\"@id\":\"http:\\\/\\\/fapecuador.org\\\/es_ec\\\/#website\",\"url\":\"http:\\\/\\\/fapecuador.org\\\/es_ec\\\/\",\"name\":\"Fundaci\u00f3n Amazon\u00eda Productiva\",\"description\":\"\",\"publisher\":{\"@id\":\"http:\\\/\\\/fapecuador.org\\\/es_ec\\\/#organization\"},\"potentialAction\":[{\"@type\":\"SearchAction\",\"target\":{\"@type\":\"EntryPoint\",\"urlTemplate\":\"http:\\\/\\\/fapecuador.org\\\/es_ec\\\/?s={search_term_string}\"},\"query-input\":{\"@type\":\"PropertyValueSpecification\",\"valueRequired\":true,\"valueName\":\"search_term_string\"}}],\"inLanguage\":\"es\"},{\"@type\":\"Organization\",\"@id\":\"http:\\\/\\\/fapecuador.org\\\/es_ec\\\/#organization\",\"name\":\"Fundaci\u00f3n Amazon\u00eda Productiva\",\"url\":\"http:\\\/\\\/fapecuador.org\\\/es_ec\\\/\",\"logo\":{\"@type\":\"ImageObject\",\"inLanguage\":\"es\",\"@id\":\"http:\\\/\\\/fapecuador.org\\\/es_ec\\\/#\\\/schema\\\/logo\\\/image\\\/\",\"url\":\"https:\\\/\\\/fapecuador.org\\\/wp-content\\\/uploads\\\/2022\\\/07\\\/cropped-logo-fap-2020-cop.png\",\"contentUrl\":\"https:\\\/\\\/fapecuador.org\\\/wp-content\\\/uploads\\\/2022\\\/07\\\/cropped-logo-fap-2020-cop.png\",\"width\":592,\"height\":297,\"caption\":\"Fundaci\u00f3n Amazon\u00eda Productiva\"},\"image\":{\"@id\":\"http:\\\/\\\/fapecuador.org\\\/es_ec\\\/#\\\/schema\\\/logo\\\/image\\\/\"}}]}<\/script>\n<!-- \/ Yoast SEO plugin. -->","yoast_head_json":{"title":"DONACIONES - Fundaci\u00f3n Amazon\u00eda Productiva","robots":{"index":"index","follow":"follow","max-snippet":"max-snippet:-1","max-image-preview":"max-image-preview:large","max-video-preview":"max-video-preview:-1"},"canonical":"https:\/\/fapecuador.org\/es_ec\/donaciones\/","og_locale":"es_ES","og_type":"article","og_title":"DONACIONES - Fundaci\u00f3n Amazon\u00eda Productiva","og_description":"DONACIONES \u00abLA FELICIDAD NO ES EL RESULTADO DE LO QUE RECIBIMOS, SINO M\u00c1S BIEN DE LO QUE DAMOS\u00bb &#8211; Ben Carson Las comunidades amaz\u00f3nicas y el medio ambiente le agradecen infinitamente su contribuci\u00f3n. Para dar seguimiento a donde van estos fondos recaudados, dar clic AQU\u00cd. PARA REALIZAR UNA DONACI\u00d3N, DA CLIC EN EL SIGUIENTE ENLACE [&hellip;]","og_url":"https:\/\/fapecuador.org\/es_ec\/donaciones\/","og_site_name":"Fundaci\u00f3n Amazon\u00eda Productiva","article_modified_time":"2022-07-22T14:16:05+00:00","og_image":[{"url":"https:\/\/fapecuador.org\/wp-content\/uploads\/2022\/07\/Donar2.jpg","type":"","width":"","height":""}],"twitter_card":"summary_large_image","twitter_misc":{"Tiempo de lectura":"2 minutos"},"schema":{"@context":"https:\/\/schema.org","@graph":[{"@type":"WebPage","@id":"https:\/\/fapecuador.org\/donaciones\/","url":"https:\/\/fapecuador.org\/donaciones\/","name":"DONACIONES - Fundaci\u00f3n Amazon\u00eda Productiva","isPartOf":{"@id":"http:\/\/fapecuador.org\/es_ec\/#website"},"primaryImageOfPage":{"@id":"https:\/\/fapecuador.org\/donaciones\/#primaryimage"},"image":{"@id":"https:\/\/fapecuador.org\/donaciones\/#primaryimage"},"thumbnailUrl":"https:\/\/fapecuador.org\/wp-content\/uploads\/2022\/07\/Donar2.jpg","datePublished":"2022-07-15T19:43:56+00:00","dateModified":"2022-07-22T14:16:05+00:00","breadcrumb":{"@id":"https:\/\/fapecuador.org\/donaciones\/#breadcrumb"},"inLanguage":"es","potentialAction":[{"@type":"ReadAction","target":["https:\/\/fapecuador.org\/donaciones\/"]}]},{"@type":"ImageObject","inLanguage":"es","@id":"https:\/\/fapecuador.org\/donaciones\/#primaryimage","url":"https:\/\/fapecuador.org\/wp-content\/uploads\/2022\/07\/Donar2.jpg","contentUrl":"https:\/\/fapecuador.org\/wp-content\/uploads\/2022\/07\/Donar2.jpg"},{"@type":"BreadcrumbList","@id":"https:\/\/fapecuador.org\/donaciones\/#breadcrumb","itemListElement":[{"@type":"ListItem","position":1,"name":"Portada","item":"https:\/\/fapecuador.org\/"},{"@type":"ListItem","position":2,"name":"DONACIONES"}]},{"@type":"WebSite","@id":"http:\/\/fapecuador.org\/es_ec\/#website","url":"http:\/\/fapecuador.org\/es_ec\/","name":"Fundaci\u00f3n Amazon\u00eda Productiva","description":"","publisher":{"@id":"http:\/\/fapecuador.org\/es_ec\/#organization"},"potentialAction":[{"@type":"SearchAction","target":{"@type":"EntryPoint","urlTemplate":"http:\/\/fapecuador.org\/es_ec\/?s={search_term_string}"},"query-input":{"@type":"PropertyValueSpecification","valueRequired":true,"valueName":"search_term_string"}}],"inLanguage":"es"},{"@type":"Organization","@id":"http:\/\/fapecuador.org\/es_ec\/#organization","name":"Fundaci\u00f3n Amazon\u00eda Productiva","url":"http:\/\/fapecuador.org\/es_ec\/","logo":{"@type":"ImageObject","inLanguage":"es","@id":"http:\/\/fapecuador.org\/es_ec\/#\/schema\/logo\/image\/","url":"https:\/\/fapecuador.org\/wp-content\/uploads\/2022\/07\/cropped-logo-fap-2020-cop.png","contentUrl":"https:\/\/fapecuador.org\/wp-content\/uploads\/2022\/07\/cropped-logo-fap-2020-cop.png","width":592,"height":297,"caption":"Fundaci\u00f3n Amazon\u00eda Productiva"},"image":{"@id":"http:\/\/fapecuador.org\/es_ec\/#\/schema\/logo\/image\/"}}]}},"_links":{"self":[{"href":"https:\/\/fapecuador.org\/es_ec\/wp-json\/wp\/v2\/pages\/627","targetHints":{"allow":["GET"]}}],"collection":[{"href":"https:\/\/fapecuador.org\/es_ec\/wp-json\/wp\/v2\/pages"}],"about":[{"href":"https:\/\/fapecuador.org\/es_ec\/wp-json\/wp\/v2\/types\/page"}],"author":[{"embeddable":true,"href":"https:\/\/fapecuador.org\/es_ec\/wp-json\/wp\/v2\/users\/4"}],"replies":[{"embeddable":true,"href":"https:\/\/fapecuador.org\/es_ec\/wp-json\/wp\/v2\/comments?post=627"}],"version-history":[{"count":43,"href":"https:\/\/fapecuador.org\/es_ec\/wp-json\/wp\/v2\/pages\/627\/revisions"}],"predecessor-version":[{"id":1252,"href":"https:\/\/fapecuador.org\/es_ec\/wp-json\/wp\/v2\/pages\/627\/revisions\/1252"}],"wp:attachment":[{"href":"https:\/\/fapecuador.org\/es_ec\/wp-json\/wp\/v2\/media?parent=627"}],"curies":[{"name":"wp","href":"https:\/\/api.w.org\/{rel}","templated":true}]}}