{"id":611,"date":"2022-07-15T16:28:39","date_gmt":"2022-07-15T16:28:39","guid":{"rendered":"http:\/\/fap-ec.local\/?post_type=product&#038;p=611"},"modified":"2022-07-27T17:21:11","modified_gmt":"2022-07-27T17:21:11","slug":"cafe-kawsana-breakfast","status":"publish","type":"product","link":"https:\/\/fapecuador.org\/es_ec\/product\/cafe-kawsana-breakfast\/","title":{"rendered":"Caf\u00e9 Kawsana \u00abBreakfast\u00bb"},"content":{"rendered":"","protected":false},"excerpt":{"rendered":"<p>Qu\u00e9 mejor manera de comenzar la ma\u00f1ana con el aroma floral vivo de una mandarina c\u00edtrica, moras y notas florales. Un caf\u00e9 de mediana a alta acidez, el desayuno le ofrece un alto contenido de cafe\u00edna que llenar\u00e1 su d\u00eda con una gran actitud.<\/p>\n","protected":false},"featured_media":612,"comment_status":"open","ping_status":"closed","template":"","meta":[],"product_brand":[],"product_cat":[22,43],"product_tag":[],"class_list":{"0":"post-611","1":"product","2":"type-product","3":"status-publish","4":"has-post-thumbnail","6":"product_cat-kawsana-cafe","7":"product_cat-tienda","9":"first","10":"onbackorder","11":"taxable","12":"shipping-taxable","13":"purchasable","14":"product-type-simple"},"yoast_head":"<!-- This site is optimized with the Yoast SEO plugin v27.4 - https:\/\/yoast.com\/product\/yoast-seo-wordpress\/ -->\n<title>Caf\u00e9 Kawsana &quot;Breakfast&quot; - Fundaci\u00f3n Amazon\u00eda Productiva<\/title>\n<meta name=\"robots\" content=\"index, follow, max-snippet:-1, max-image-preview:large, max-video-preview:-1\" \/>\n<link rel=\"canonical\" href=\"https:\/\/fapecuador.org\/es_ec\/product\/cafe-kawsana-breakfast\/\" \/>\n<meta property=\"og:locale\" content=\"es_ES\" \/>\n<meta property=\"og:type\" content=\"article\" \/>\n<meta property=\"og:title\" content=\"Caf\u00e9 Kawsana &quot;Breakfast&quot; - Fundaci\u00f3n Amazon\u00eda Productiva\" \/>\n<meta property=\"og:description\" content=\"Qu\u00e9 mejor manera de comenzar la ma\u00f1ana con el aroma floral vivo de una mandarina c\u00edtrica, moras y notas florales. Un caf\u00e9 de mediana a alta acidez, el desayuno le ofrece un alto contenido de cafe\u00edna que llenar\u00e1 su d\u00eda con una gran actitud.\" \/>\n<meta property=\"og:url\" content=\"https:\/\/fapecuador.org\/es_ec\/product\/cafe-kawsana-breakfast\/\" \/>\n<meta property=\"og:site_name\" content=\"Fundaci\u00f3n Amazon\u00eda Productiva\" \/>\n<meta property=\"article:modified_time\" content=\"2022-07-27T17:21:11+00:00\" \/>\n<meta property=\"og:image\" content=\"https:\/\/fapecuador.org\/wp-content\/uploads\/2022\/07\/cafe-light.jpeg\" \/>\n\t<meta property=\"og:image:width\" content=\"834\" \/>\n\t<meta property=\"og:image:height\" content=\"834\" \/>\n\t<meta property=\"og:image:type\" content=\"image\/jpeg\" \/>\n<meta name=\"twitter:card\" content=\"summary_large_image\" \/>\n<script type=\"application\/ld+json\" class=\"yoast-schema-graph\">{\"@context\":\"https:\\\/\\\/schema.org\",\"@graph\":[{\"@type\":\"WebPage\",\"@id\":\"https:\\\/\\\/fapecuador.org\\\/de\\\/product\\\/cafe-kawsana-breakfast\\\/\",\"url\":\"https:\\\/\\\/fapecuador.org\\\/de\\\/product\\\/cafe-kawsana-breakfast\\\/\",\"name\":\"Caf\u00e9 Kawsana \\\"Breakfast\\\" - Fundaci\u00f3n Amazon\u00eda Productiva\",\"isPartOf\":{\"@id\":\"http:\\\/\\\/fapecuador.org\\\/es_ec\\\/#website\"},\"primaryImageOfPage\":{\"@id\":\"https:\\\/\\\/fapecuador.org\\\/de\\\/product\\\/cafe-kawsana-breakfast\\\/#primaryimage\"},\"image\":{\"@id\":\"https:\\\/\\\/fapecuador.org\\\/de\\\/product\\\/cafe-kawsana-breakfast\\\/#primaryimage\"},\"thumbnailUrl\":\"https:\\\/\\\/fapecuador.org\\\/wp-content\\\/uploads\\\/2022\\\/07\\\/cafe-light.jpeg\",\"datePublished\":\"2022-07-15T16:28:39+00:00\",\"dateModified\":\"2022-07-27T17:21:11+00:00\",\"breadcrumb\":{\"@id\":\"https:\\\/\\\/fapecuador.org\\\/de\\\/product\\\/cafe-kawsana-breakfast\\\/#breadcrumb\"},\"inLanguage\":\"es\",\"potentialAction\":[{\"@type\":\"ReadAction\",\"target\":[\"https:\\\/\\\/fapecuador.org\\\/de\\\/product\\\/cafe-kawsana-breakfast\\\/\"]}]},{\"@type\":\"ImageObject\",\"inLanguage\":\"es\",\"@id\":\"https:\\\/\\\/fapecuador.org\\\/de\\\/product\\\/cafe-kawsana-breakfast\\\/#primaryimage\",\"url\":\"https:\\\/\\\/fapecuador.org\\\/wp-content\\\/uploads\\\/2022\\\/07\\\/cafe-light.jpeg\",\"contentUrl\":\"https:\\\/\\\/fapecuador.org\\\/wp-content\\\/uploads\\\/2022\\\/07\\\/cafe-light.jpeg\",\"width\":834,\"height\":834},{\"@type\":\"BreadcrumbList\",\"@id\":\"https:\\\/\\\/fapecuador.org\\\/de\\\/product\\\/cafe-kawsana-breakfast\\\/#breadcrumb\",\"itemListElement\":[{\"@type\":\"ListItem\",\"position\":1,\"name\":\"Portada\",\"item\":\"https:\\\/\\\/fapecuador.org\\\/\"},{\"@type\":\"ListItem\",\"position\":2,\"name\":\"Productos\",\"item\":\"https:\\\/\\\/fapecuador.org\\\/es_ec\\\/shop\\\/\"},{\"@type\":\"ListItem\",\"position\":3,\"name\":\"Caf\u00e9 Kawsana \u00abBreakfast\u00bb\"}]},{\"@type\":\"WebSite\",\"@id\":\"http:\\\/\\\/fapecuador.org\\\/es_ec\\\/#website\",\"url\":\"http:\\\/\\\/fapecuador.org\\\/es_ec\\\/\",\"name\":\"Fundaci\u00f3n Amazon\u00eda Productiva\",\"description\":\"\",\"publisher\":{\"@id\":\"http:\\\/\\\/fapecuador.org\\\/es_ec\\\/#organization\"},\"potentialAction\":[{\"@type\":\"SearchAction\",\"target\":{\"@type\":\"EntryPoint\",\"urlTemplate\":\"http:\\\/\\\/fapecuador.org\\\/es_ec\\\/?s={search_term_string}\"},\"query-input\":{\"@type\":\"PropertyValueSpecification\",\"valueRequired\":true,\"valueName\":\"search_term_string\"}}],\"inLanguage\":\"es\"},{\"@type\":\"Organization\",\"@id\":\"http:\\\/\\\/fapecuador.org\\\/es_ec\\\/#organization\",\"name\":\"Fundaci\u00f3n Amazon\u00eda Productiva\",\"url\":\"http:\\\/\\\/fapecuador.org\\\/es_ec\\\/\",\"logo\":{\"@type\":\"ImageObject\",\"inLanguage\":\"es\",\"@id\":\"http:\\\/\\\/fapecuador.org\\\/es_ec\\\/#\\\/schema\\\/logo\\\/image\\\/\",\"url\":\"https:\\\/\\\/fapecuador.org\\\/wp-content\\\/uploads\\\/2022\\\/07\\\/cropped-logo-fap-2020-cop.png\",\"contentUrl\":\"https:\\\/\\\/fapecuador.org\\\/wp-content\\\/uploads\\\/2022\\\/07\\\/cropped-logo-fap-2020-cop.png\",\"width\":592,\"height\":297,\"caption\":\"Fundaci\u00f3n Amazon\u00eda Productiva\"},\"image\":{\"@id\":\"http:\\\/\\\/fapecuador.org\\\/es_ec\\\/#\\\/schema\\\/logo\\\/image\\\/\"}}]}<\/script>\n<!-- \/ Yoast SEO plugin. -->","yoast_head_json":{"title":"Caf\u00e9 Kawsana \"Breakfast\" - Fundaci\u00f3n Amazon\u00eda Productiva","robots":{"index":"index","follow":"follow","max-snippet":"max-snippet:-1","max-image-preview":"max-image-preview:large","max-video-preview":"max-video-preview:-1"},"canonical":"https:\/\/fapecuador.org\/es_ec\/product\/cafe-kawsana-breakfast\/","og_locale":"es_ES","og_type":"article","og_title":"Caf\u00e9 Kawsana \"Breakfast\" - Fundaci\u00f3n Amazon\u00eda Productiva","og_description":"Qu\u00e9 mejor manera de comenzar la ma\u00f1ana con el aroma floral vivo de una mandarina c\u00edtrica, moras y notas florales. Un caf\u00e9 de mediana a alta acidez, el desayuno le ofrece un alto contenido de cafe\u00edna que llenar\u00e1 su d\u00eda con una gran actitud.","og_url":"https:\/\/fapecuador.org\/es_ec\/product\/cafe-kawsana-breakfast\/","og_site_name":"Fundaci\u00f3n Amazon\u00eda Productiva","article_modified_time":"2022-07-27T17:21:11+00:00","og_image":[{"width":834,"height":834,"url":"https:\/\/fapecuador.org\/wp-content\/uploads\/2022\/07\/cafe-light.jpeg","type":"image\/jpeg"}],"twitter_card":"summary_large_image","schema":{"@context":"https:\/\/schema.org","@graph":[{"@type":"WebPage","@id":"https:\/\/fapecuador.org\/de\/product\/cafe-kawsana-breakfast\/","url":"https:\/\/fapecuador.org\/de\/product\/cafe-kawsana-breakfast\/","name":"Caf\u00e9 Kawsana \"Breakfast\" - Fundaci\u00f3n Amazon\u00eda Productiva","isPartOf":{"@id":"http:\/\/fapecuador.org\/es_ec\/#website"},"primaryImageOfPage":{"@id":"https:\/\/fapecuador.org\/de\/product\/cafe-kawsana-breakfast\/#primaryimage"},"image":{"@id":"https:\/\/fapecuador.org\/de\/product\/cafe-kawsana-breakfast\/#primaryimage"},"thumbnailUrl":"https:\/\/fapecuador.org\/wp-content\/uploads\/2022\/07\/cafe-light.jpeg","datePublished":"2022-07-15T16:28:39+00:00","dateModified":"2022-07-27T17:21:11+00:00","breadcrumb":{"@id":"https:\/\/fapecuador.org\/de\/product\/cafe-kawsana-breakfast\/#breadcrumb"},"inLanguage":"es","potentialAction":[{"@type":"ReadAction","target":["https:\/\/fapecuador.org\/de\/product\/cafe-kawsana-breakfast\/"]}]},{"@type":"ImageObject","inLanguage":"es","@id":"https:\/\/fapecuador.org\/de\/product\/cafe-kawsana-breakfast\/#primaryimage","url":"https:\/\/fapecuador.org\/wp-content\/uploads\/2022\/07\/cafe-light.jpeg","contentUrl":"https:\/\/fapecuador.org\/wp-content\/uploads\/2022\/07\/cafe-light.jpeg","width":834,"height":834},{"@type":"BreadcrumbList","@id":"https:\/\/fapecuador.org\/de\/product\/cafe-kawsana-breakfast\/#breadcrumb","itemListElement":[{"@type":"ListItem","position":1,"name":"Portada","item":"https:\/\/fapecuador.org\/"},{"@type":"ListItem","position":2,"name":"Productos","item":"https:\/\/fapecuador.org\/es_ec\/shop\/"},{"@type":"ListItem","position":3,"name":"Caf\u00e9 Kawsana \u00abBreakfast\u00bb"}]},{"@type":"WebSite","@id":"http:\/\/fapecuador.org\/es_ec\/#website","url":"http:\/\/fapecuador.org\/es_ec\/","name":"Fundaci\u00f3n Amazon\u00eda Productiva","description":"","publisher":{"@id":"http:\/\/fapecuador.org\/es_ec\/#organization"},"potentialAction":[{"@type":"SearchAction","target":{"@type":"EntryPoint","urlTemplate":"http:\/\/fapecuador.org\/es_ec\/?s={search_term_string}"},"query-input":{"@type":"PropertyValueSpecification","valueRequired":true,"valueName":"search_term_string"}}],"inLanguage":"es"},{"@type":"Organization","@id":"http:\/\/fapecuador.org\/es_ec\/#organization","name":"Fundaci\u00f3n Amazon\u00eda Productiva","url":"http:\/\/fapecuador.org\/es_ec\/","logo":{"@type":"ImageObject","inLanguage":"es","@id":"http:\/\/fapecuador.org\/es_ec\/#\/schema\/logo\/image\/","url":"https:\/\/fapecuador.org\/wp-content\/uploads\/2022\/07\/cropped-logo-fap-2020-cop.png","contentUrl":"https:\/\/fapecuador.org\/wp-content\/uploads\/2022\/07\/cropped-logo-fap-2020-cop.png","width":592,"height":297,"caption":"Fundaci\u00f3n Amazon\u00eda Productiva"},"image":{"@id":"http:\/\/fapecuador.org\/es_ec\/#\/schema\/logo\/image\/"}}]}},"_links":{"self":[{"href":"https:\/\/fapecuador.org\/es_ec\/wp-json\/wp\/v2\/product\/611","targetHints":{"allow":["GET"]}}],"collection":[{"href":"https:\/\/fapecuador.org\/es_ec\/wp-json\/wp\/v2\/product"}],"about":[{"href":"https:\/\/fapecuador.org\/es_ec\/wp-json\/wp\/v2\/types\/product"}],"replies":[{"embeddable":true,"href":"https:\/\/fapecuador.org\/es_ec\/wp-json\/wp\/v2\/comments?post=611"}],"wp:featuredmedia":[{"embeddable":true,"href":"https:\/\/fapecuador.org\/es_ec\/wp-json\/wp\/v2\/media\/612"}],"wp:attachment":[{"href":"https:\/\/fapecuador.org\/es_ec\/wp-json\/wp\/v2\/media?parent=611"}],"wp:term":[{"taxonomy":"product_brand","embeddable":true,"href":"https:\/\/fapecuador.org\/es_ec\/wp-json\/wp\/v2\/product_brand?post=611"},{"taxonomy":"product_cat","embeddable":true,"href":"https:\/\/fapecuador.org\/es_ec\/wp-json\/wp\/v2\/product_cat?post=611"},{"taxonomy":"product_tag","embeddable":true,"href":"https:\/\/fapecuador.org\/es_ec\/wp-json\/wp\/v2\/product_tag?post=611"}],"curies":[{"name":"wp","href":"https:\/\/api.w.org\/{rel}","templated":true}]}}